{"id":983,"date":"2017-01-05T13:21:11","date_gmt":"2017-01-05T12:21:11","guid":{"rendered":"http:\/\/www.heikeherling.de\/wordpress\/?page_id=983"},"modified":"2020-04-16T21:02:44","modified_gmt":"2020-04-16T19:02:44","slug":"referenzen","status":"publish","type":"page","link":"https:\/\/www.heikeherling.de\/index.php\/referenzen\/","title":{"rendered":"Referenzen"},"content":{"rendered":"<p>[vc_row css=&#8220;.vc_custom_1483613991540{margin-bottom: 0px !important;}&#8220;][vc_column css=&#8220;.vc_custom_1483611433561{margin-top: 40px !important;margin-bottom: 0px !important;}&#8220;]\t\n\t<h2 style=\"text-align: left;\" > Meine Referenzen<\/h2>\t\n[\/vc_column][\/vc_row][vc_row css=&#8220;.vc_custom_1483614243791{margin-top: 0px !important;margin-bottom: 0px !important;padding-bottom: 0px !important;}&#8220;][vc_column width=&#8220;1\/2&#8243; css=&#8220;.vc_custom_1483614113496{margin-top: 0px !important;}&#8220;][vc_column_text]<strong>Projekte:<\/strong><\/p>\n<ul>\n<li>Projektverantwortung f\u00fcr Einkauf \/ Lager \/ Disposition bei Einf\u00fchrung einer neuen Unternehmens-Software (Dauer: 3 Monate)<\/li>\n<li>F\u00fcr ein Insolvenzverwaltetes Unternehmen: Erarbeiten und Zusammenstellen von Informationen zur Vorbereitung der Pr\u00fcfung der Eigentumsvorbehaltsrechte durch einen Insolvenzverwalter.<\/li>\n<\/ul>\n<p><strong>Beratung:<\/strong><br \/>\nSeit 2007 Teammitglied als Beraterin und Trainerin bei<br \/>\nTREE Consulting in Paderborn.<\/p>\n<p><strong>Moderation:<\/strong><br \/>\nModeration zu Konflikt- und Problembehandlung mit Hilfe der methodischen Gruppenmoderation<\/p>\n<p><strong>\u00a0<\/strong>[\/vc_column_text][\/vc_column][vc_column width=&#8220;1\/2&#8243; css=&#8220;.vc_custom_1483622921207{margin-top: 0px !important;}&#8220;][vc_column_text]<strong>Weiterbildungsma\u00dfnahmen \/ Seminare:<\/strong><br \/>\nBundesweite Seminare bei:<\/p>\n<ul>\n<li>Bildungswerk der nieders\u00e4chsischen Wirtschaft GmbH<\/li>\n<li>T\u00dcV \u2013 NORD Akademie GmbH &amp; Co. KG<\/li>\n<li>Technische Akademie Hameln e.V.<\/li>\n<li>AGV-Bildungswerk Oldenburg<\/li>\n<li>IME Institut f\u00fcr Management Entwicklung<\/li>\n<\/ul>\n<p>zu den Themen:<\/p>\n<ul>\n<li>Basiswissen f\u00fcr Eink\u00e4ufer<\/li>\n<li>Strategischer Einkauf<\/li>\n<li>Dispositionsverfahren<\/li>\n<li>Volkswirtschaftliche Grundlagen<\/li>\n<li>Moderation zur Konflikt-, Problembehandlung<\/li>\n<li>Preisanalyse\/ Preisbeurteilung<\/li>\n<li>Lieferantenmanagement<\/li>\n<\/ul>\n<p>[\/vc_column_text][\/vc_column][\/vc_row][vc_row css=&#8220;.vc_custom_1483623742924{margin-top: 0px !important;margin-bottom: 0px !important;background-color: rgba(255,255,255,0.5) !important;*background-color: rgb(255,255,255) !important;}&#8220;][vc_column css=&#8220;.vc_custom_1483613045024{margin-top: 0px !important;margin-bottom: 0px !important;}&#8220;][vc_single_image image=&#8220;1226&#8243; img_size=&#8220;full&#8220; alignment=&#8220;center&#8220;][\/vc_column][\/vc_row][vc_row css=&#8220;.vc_custom_1483613114900{margin-top: 0px !important;margin-bottom: 40px !important;background-color: rgba(237,234,225,0.5) !important;*background-color: rgb(237,234,225) !important;}&#8220;][vc_column css=&#8220;.vc_custom_1483613045024{margin-top: 0px !important;margin-bottom: 0px !important;}&#8220;][vc_empty_space height=&#8220;40px&#8220;]\t\t<div class=\"center\">\n\t<span><\/span>\n\t\t<a href=\"http:\/\/www.heikeherling.de\/index.php\/kontakt\/\" class=\"btn btn-default btn-big\">LUST, MIT MIR ZU ARBEITEN?<\/a>\n\t\t<\/div>\n\t[vc_empty_space height=&#8220;40px&#8220;][\/vc_column][\/vc_row][vc_row][vc_column]\t\n\t<h2 style=\"text-align: left;margin-bottom: 0px;\" > Kundenstimmen<\/h2>\t\n\n                  \n        <div class=\"block item\">\n        <div class=\"container\">\n            <blockquote class=\"center\">\n                <p>\u201eSuper sympathische Trainerin! Es ist nie langweilig geworden. Ich kann jetzt Menschen besser verstehen und achte mehr auf K\u00f6rpersprache.\u201c<\/p>\n                <footer>WPI  \u201eVerhandlungsf\u00fchrung \u2013 Verhandlungstaktiken kennen und anwenden\u201c, Herr S.W.<\/footer>\n            <\/blockquote>\n            <!--\/ blockquote-->\n        <\/div>\n        <!--\/ .container-->\n        \n        <\/div>\n         \n        <div class=\"block item\">\n        <div class=\"container\">\n            <blockquote class=\"center\">\n                <p>\u201eEs war alles sehr praxisnah und hilfreich.\u201c<\/p>\n                <footer>WPI  \u201eVerhandlungsf\u00fchrung \u2013 Verhandlungstaktiken kennen und anwenden\u201c, Herr H.<\/footer>\n            <\/blockquote>\n            <!--\/ blockquote-->\n        <\/div>\n        <!--\/ .container-->\n        \n        <\/div>\n         \n        <div class=\"block item\">\n        <div class=\"container\">\n            <blockquote class=\"center\">\n                <p>\u201eVielen Dank f\u00fcr das sch\u00f6ne, aufschlussreiche Seminar! Es war eine entspannte Atmosph\u00e4re.\u201c<\/p>\n                <footer>WPI  \u201eVerhandlungsf\u00fchrung \u2013 Verhandlungstaktiken kennen und anwenden\u201c, Herr P.G.<\/footer>\n            <\/blockquote>\n            <!--\/ blockquote-->\n        <\/div>\n        <!--\/ .container-->\n        \n        <\/div>\n         \n        <div class=\"block item\">\n        <div class=\"container\">\n            <blockquote class=\"center\">\n                <p>\u201eIch werde zuk\u00fcnftig die verschiedenen Techniken der K\u00f6rpersprache anwenden. Besonders die Sicht des Eink\u00e4ufers war sehr interessant.\u201c<\/p>\n                <footer>WPI  \u201eVerhandlungsf\u00fchrung \u2013 Verhandlungstaktiken kennen und anwenden\u201c, Herr J.M.<\/footer>\n            <\/blockquote>\n            <!--\/ blockquote-->\n        <\/div>\n        <!--\/ .container-->\n        \n        <\/div>\n         \n        <div class=\"block item\">\n        <div class=\"container\">\n            <blockquote class=\"center\">\n                <p>\u201eFrau Herling hat das Seminar so gestaltet, dass keine Langeweile aufkam. Vielen Dank. Ich habe viel mitgenommen und gelernt.\u201c<\/p>\n                <footer>WPI  \u201eVerhandlungsf\u00fchrung \u2013 Verhandlungstaktiken kennen und anwenden\u201c, Frau M.S.<\/footer>\n            <\/blockquote>\n            <!--\/ blockquote-->\n        <\/div>\n        <!--\/ .container-->\n        \n        <\/div>\n         \n        <div class=\"block item\">\n        <div class=\"container\">\n            <blockquote class=\"center\">\n                <p>\u201eBesonders gut gefallen hat mir, dass die Trainerin die Teilnehmer so intensiv einbezogen hat und uns viele Beispiele aus dem konkreten Arbeitsalltag gegeben hat.&#8220;<\/p>\n                <footer>WPI  \u201eVerhandlungsf\u00fchrung \u2013 Verhandlungstaktiken kennen und anwenden\u201c, Herr M.<\/footer>\n            <\/blockquote>\n            <!--\/ blockquote-->\n        <\/div>\n        <!--\/ .container-->\n        \n        <\/div>\n         \n        <div class=\"block item\">\n        <div class=\"container\">\n            <blockquote class=\"center\">\n                <p>Heike Herling geh\u00f6rt seit 2010 zum festen Kreis unser freiberuflichen Trainer und Trainerinnen. Wir beauftragen sie regelm\u00e4\u00dfig, f\u00fcr uns offene Seminare und Inhouse-Seminare f\u00fcr unsere Kunden zu den Themen \u201eEinkauf\u201c und \u201eEinkaufsverhandlungen\u201c durchzuf\u00fchren. Frau Herling \u00fcberzeugt mit ihrem profunden Fachwissen, das sie praxisnah und unterhaltsam zu vermitteln wei\u00df. Durch methodische Vielfalt erreicht sie, dass auch \u201etrockene Themen\u201c gut aufgenommen werden. Seminarteilnehmer best\u00e4tigen ihr eine sehr gute Seminar-Moderation. Sie wissen zu sch\u00e4tzen, dass sie in den Seminaren aktiv \u00fcben und das Gelernte gut im Alltag umsetzen k\u00f6nnen.<\/p>\n                <footer>IME Institut f\u00fcr Management-Entwicklung, Ute Bremer ( Senior Manager Offene Seminare und Marketing \u01c0 Prokuristin)<\/footer>\n            <\/blockquote>\n            <!--\/ blockquote-->\n        <\/div>\n        <!--\/ .container-->\n        \n        <\/div>\n                \n\n\n    [\/vc_column][\/vc_row][vc_row css=&#8220;.vc_custom_1483613114900{margin-top: 0px !important;margin-bottom: 40px !important;background-color: rgba(237,234,225,0.5) !important;*background-color: rgb(237,234,225) !important;}&#8220;][vc_column css=&#8220;.vc_custom_1483613045024{margin-top: 0px !important;margin-bottom: 0px !important;}&#8220;][vc_empty_space height=&#8220;40px&#8220;]\t\t<div class=\"center\">\n\t<span><\/span>\n\t\t<a href=\"http:\/\/www.heikeherling.de\/index.php\/kontakt\/\" class=\"btn btn-default btn-big\">LUST, MIT MIR ZU ARBEITEN?<\/a>\n\t\t<\/div>\n\t[vc_empty_space height=&#8220;40px&#8220;][\/vc_column][\/vc_row][vc_row][vc_column][\/vc_column][\/vc_row]<\/p>\n","protected":false},"excerpt":{"rendered":"<p>[vc_row css=&#8220;.vc_custom_1483613991540{margin-bottom: 0px !important;}&#8220;][vc_column css=&#8220;.vc_custom_1483611433561{margin-top: 40px !important;margin-bottom: 0px !important;}&#8220;][\/vc_column][\/vc_row][vc_row css=&#8220;.vc_custom_1483614243791{margin-top: 0px !important;margin-bottom: 0px !important;padding-bottom: 0px !important;}&#8220;][vc_column width=&#8220;1\/2&#8243; css=&#8220;.vc_custom_1483614113496{margin-top: 0px !important;}&#8220;][vc_column_text]Projekte: Projektverantwortung f\u00fcr Einkauf \/ Lager \/ Disposition bei Einf\u00fchrung einer [&hellip;]<\/p>\n","protected":false},"author":1,"featured_media":0,"parent":0,"menu_order":0,"comment_status":"closed","ping_status":"closed","template":"page-templates\/template-canvas.php","meta":{"_acf_changed":false,"footnotes":""},"class_list":["post-983","page","type-page","status-publish","hentry"],"acf":[],"yoast_head":"<!-- This site is optimized with the Yoast SEO plugin v27.3 - https:\/\/yoast.com\/product\/yoast-seo-wordpress\/ -->\n<title>Referenzen - Heike Herling - Trainerin und Beraterin f\u00fcr Einkauf und Materialwirtschaft<\/title>\n<meta name=\"description\" content=\"Informieren Sie sich \u00fcber meine bisher gegebenen bundesweiten Seminare bei verschiedenen Bildungstr\u00e4gern zu einer Vielzahl von Themen!\" \/>\n<meta name=\"robots\" content=\"index, follow, max-snippet:-1, max-image-preview:large, max-video-preview:-1\" \/>\n<link rel=\"canonical\" href=\"https:\/\/www.heikeherling.de\/index.php\/referenzen\/\" \/>\n<meta property=\"og:locale\" content=\"de_DE\" \/>\n<meta property=\"og:type\" content=\"article\" \/>\n<meta property=\"og:title\" content=\"Referenzen - Heike Herling - Trainerin und Beraterin f\u00fcr Einkauf und Materialwirtschaft\" \/>\n<meta property=\"og:description\" content=\"Informieren Sie sich \u00fcber meine bisher gegebenen bundesweiten Seminare bei verschiedenen Bildungstr\u00e4gern zu einer Vielzahl von Themen!\" \/>\n<meta property=\"og:url\" content=\"https:\/\/www.heikeherling.de\/index.php\/referenzen\/\" \/>\n<meta property=\"og:site_name\" content=\"Heike Herling - Trainerin und Beraterin f\u00fcr Einkauf und Materialwirtschaft\" \/>\n<meta property=\"article:modified_time\" content=\"2020-04-16T19:02:44+00:00\" \/>\n<meta name=\"twitter:card\" content=\"summary_large_image\" \/>\n<meta name=\"twitter:label1\" content=\"Gesch\u00e4tzte Lesezeit\" \/>\n\t<meta name=\"twitter:data1\" content=\"2\u00a0Minuten\" \/>\n<script type=\"application\/ld+json\" class=\"yoast-schema-graph\">{\"@context\":\"https:\\\/\\\/schema.org\",\"@graph\":[{\"@type\":\"WebPage\",\"@id\":\"https:\\\/\\\/www.heikeherling.de\\\/index.php\\\/referenzen\\\/\",\"url\":\"https:\\\/\\\/www.heikeherling.de\\\/index.php\\\/referenzen\\\/\",\"name\":\"Referenzen - Heike Herling - Trainerin und Beraterin f\u00fcr Einkauf und Materialwirtschaft\",\"isPartOf\":{\"@id\":\"https:\\\/\\\/www.heikeherling.de\\\/#website\"},\"datePublished\":\"2017-01-05T12:21:11+00:00\",\"dateModified\":\"2020-04-16T19:02:44+00:00\",\"description\":\"Informieren Sie sich \u00fcber meine bisher gegebenen bundesweiten Seminare bei verschiedenen Bildungstr\u00e4gern zu einer Vielzahl von Themen!\",\"breadcrumb\":{\"@id\":\"https:\\\/\\\/www.heikeherling.de\\\/index.php\\\/referenzen\\\/#breadcrumb\"},\"inLanguage\":\"de\",\"potentialAction\":[{\"@type\":\"ReadAction\",\"target\":[\"https:\\\/\\\/www.heikeherling.de\\\/index.php\\\/referenzen\\\/\"]}]},{\"@type\":\"BreadcrumbList\",\"@id\":\"https:\\\/\\\/www.heikeherling.de\\\/index.php\\\/referenzen\\\/#breadcrumb\",\"itemListElement\":[{\"@type\":\"ListItem\",\"position\":1,\"name\":\"Startseite\",\"item\":\"https:\\\/\\\/www.heikeherling.de\\\/\"},{\"@type\":\"ListItem\",\"position\":2,\"name\":\"Referenzen\"}]},{\"@type\":\"WebSite\",\"@id\":\"https:\\\/\\\/www.heikeherling.de\\\/#website\",\"url\":\"https:\\\/\\\/www.heikeherling.de\\\/\",\"name\":\"Heike Herling - Trainerin und Beraterin f\u00fcr Einkauf und Materialwirtschaft\",\"description\":\"Trainerin und Beraterin f\u00fcr Einkauf und Materialwirtschaft\",\"potentialAction\":[{\"@type\":\"SearchAction\",\"target\":{\"@type\":\"EntryPoint\",\"urlTemplate\":\"https:\\\/\\\/www.heikeherling.de\\\/?s={search_term_string}\"},\"query-input\":{\"@type\":\"PropertyValueSpecification\",\"valueRequired\":true,\"valueName\":\"search_term_string\"}}],\"inLanguage\":\"de\"}]}<\/script>\n<!-- \/ Yoast SEO plugin. -->","yoast_head_json":{"title":"Referenzen - Heike Herling - Trainerin und Beraterin f\u00fcr Einkauf und Materialwirtschaft","description":"Informieren Sie sich \u00fcber meine bisher gegebenen bundesweiten Seminare bei verschiedenen Bildungstr\u00e4gern zu einer Vielzahl von Themen!","robots":{"index":"index","follow":"follow","max-snippet":"max-snippet:-1","max-image-preview":"max-image-preview:large","max-video-preview":"max-video-preview:-1"},"canonical":"https:\/\/www.heikeherling.de\/index.php\/referenzen\/","og_locale":"de_DE","og_type":"article","og_title":"Referenzen - Heike Herling - Trainerin und Beraterin f\u00fcr Einkauf und Materialwirtschaft","og_description":"Informieren Sie sich \u00fcber meine bisher gegebenen bundesweiten Seminare bei verschiedenen Bildungstr\u00e4gern zu einer Vielzahl von Themen!","og_url":"https:\/\/www.heikeherling.de\/index.php\/referenzen\/","og_site_name":"Heike Herling - Trainerin und Beraterin f\u00fcr Einkauf und Materialwirtschaft","article_modified_time":"2020-04-16T19:02:44+00:00","twitter_card":"summary_large_image","twitter_misc":{"Gesch\u00e4tzte Lesezeit":"2\u00a0Minuten"},"schema":{"@context":"https:\/\/schema.org","@graph":[{"@type":"WebPage","@id":"https:\/\/www.heikeherling.de\/index.php\/referenzen\/","url":"https:\/\/www.heikeherling.de\/index.php\/referenzen\/","name":"Referenzen - Heike Herling - Trainerin und Beraterin f\u00fcr Einkauf und Materialwirtschaft","isPartOf":{"@id":"https:\/\/www.heikeherling.de\/#website"},"datePublished":"2017-01-05T12:21:11+00:00","dateModified":"2020-04-16T19:02:44+00:00","description":"Informieren Sie sich \u00fcber meine bisher gegebenen bundesweiten Seminare bei verschiedenen Bildungstr\u00e4gern zu einer Vielzahl von Themen!","breadcrumb":{"@id":"https:\/\/www.heikeherling.de\/index.php\/referenzen\/#breadcrumb"},"inLanguage":"de","potentialAction":[{"@type":"ReadAction","target":["https:\/\/www.heikeherling.de\/index.php\/referenzen\/"]}]},{"@type":"BreadcrumbList","@id":"https:\/\/www.heikeherling.de\/index.php\/referenzen\/#breadcrumb","itemListElement":[{"@type":"ListItem","position":1,"name":"Startseite","item":"https:\/\/www.heikeherling.de\/"},{"@type":"ListItem","position":2,"name":"Referenzen"}]},{"@type":"WebSite","@id":"https:\/\/www.heikeherling.de\/#website","url":"https:\/\/www.heikeherling.de\/","name":"Heike Herling - Trainerin und Beraterin f\u00fcr Einkauf und Materialwirtschaft","description":"Trainerin und Beraterin f\u00fcr Einkauf und Materialwirtschaft","potentialAction":[{"@type":"SearchAction","target":{"@type":"EntryPoint","urlTemplate":"https:\/\/www.heikeherling.de\/?s={search_term_string}"},"query-input":{"@type":"PropertyValueSpecification","valueRequired":true,"valueName":"search_term_string"}}],"inLanguage":"de"}]}},"_links":{"self":[{"href":"https:\/\/www.heikeherling.de\/index.php\/wp-json\/wp\/v2\/pages\/983","targetHints":{"allow":["GET"]}}],"collection":[{"href":"https:\/\/www.heikeherling.de\/index.php\/wp-json\/wp\/v2\/pages"}],"about":[{"href":"https:\/\/www.heikeherling.de\/index.php\/wp-json\/wp\/v2\/types\/page"}],"author":[{"embeddable":true,"href":"https:\/\/www.heikeherling.de\/index.php\/wp-json\/wp\/v2\/users\/1"}],"replies":[{"embeddable":true,"href":"https:\/\/www.heikeherling.de\/index.php\/wp-json\/wp\/v2\/comments?post=983"}],"version-history":[{"count":23,"href":"https:\/\/www.heikeherling.de\/index.php\/wp-json\/wp\/v2\/pages\/983\/revisions"}],"predecessor-version":[{"id":1227,"href":"https:\/\/www.heikeherling.de\/index.php\/wp-json\/wp\/v2\/pages\/983\/revisions\/1227"}],"wp:attachment":[{"href":"https:\/\/www.heikeherling.de\/index.php\/wp-json\/wp\/v2\/media?parent=983"}],"curies":[{"name":"wp","href":"https:\/\/api.w.org\/{rel}","templated":true}]}}