{"id":881,"date":"2017-01-03T12:44:08","date_gmt":"2017-01-03T11:44:08","guid":{"rendered":"http:\/\/www.heikeherling.de\/wordpress\/?page_id=881"},"modified":"2020-04-16T15:20:51","modified_gmt":"2020-04-16T13:20:51","slug":"home","status":"publish","type":"page","link":"https:\/\/www.heikeherling.de\/","title":{"rendered":"Home"},"content":{"rendered":"<p>[vc_row fullwidth=&#8220;yes&#8220;][vc_column el_class=&#8220;hero-slider&#8220;][rev_slider_vc alias=&#8220;slider11&#8243; el_class=&#8220;no-bottom-margin&#8220;][vc_column_text css=&#8220;.vc_custom_1587043246669{padding-top: 30px !important;padding-bottom: 30px !important;background-color: #ffbb00 !important;}&#8220;]<\/p>\n<h2 style=\"text-align: center;\"><span style=\"color: #ffffff;\">Alle Seminare auch als Online-Version verf\u00fcgbar!<br \/>\n<\/span><\/h2>\n<p>[\/vc_column_text][\/vc_column][\/vc_row][vc_row css=&#8220;.vc_custom_1453175502076{padding-top: 60px !important;padding-bottom: 60px !important;background-color: rgba(237,234,225,0.5) !important;*background-color: rgb(237,234,225) !important;}&#8220;][vc_column width=&#8220;1\/3&#8243;]\t    <div class=\"feature-box\">\n        <i class=\"icon_comment_alt\"><\/i>\n        <h3>\u00dcber mich<\/h3>        <p>Als Trainerin und Beraterin f\u00fcr Einkauf und Materialwirtschaft\/Moderatorin MGM unterst\u00fctze ich Sie gerne.<\/p>\n        <a href=\"https:\/\/www.heikeherling.de\/index.php\/uebermich\/\"><i class=\"arrow_right \"><\/i><\/a>    <\/div>\n    \t[\/vc_column][vc_column width=&#8220;1\/3&#8243;]\t    <div class=\"feature-box\">\n        <i class=\"icon_pens\"><\/i>\n        <h3>Seminare und Workshops<\/h3>        <p><span class=\"body\">speziell auf Ihre W\u00fcnsche und Bed\u00fcrfnisse zugeschnitten als Inhouse-Schulung.<br \/>\n<\/span><\/p>\n        <a href=\"https:\/\/www.heikeherling.de\/index.php\/workshops\/\"><i class=\"arrow_right \"><\/i><\/a>    <\/div>\n    \t[\/vc_column][vc_column width=&#8220;1\/3&#8243;]\t    <div class=\"feature-box\">\n        <i class=\" icon_documents_alt \"><\/i>\n        <h3>Referenzen<\/h3>        <p>Bundesweite Seminare zu verschiedenen Themen bei namhaften Bildungstr\u00e4gern sowie Beratungen und Moderationen z\u00e4hlen zu meinen T\u00e4tigkeiten.<\/p>\n        <a href=\"https:\/\/www.heikeherling.de\/index.php\/referenzen\/\"><i class=\"arrow_right \"><\/i><\/a>    <\/div>\n    \t[\/vc_column][\/vc_row][vc_row css=&#8220;.vc_custom_1484824838030{padding-top: 60px !important;padding-bottom: 60px !important;background-color: rgba(237,234,225,0.2) !important;*background-color: rgb(237,234,225) !important;}&#8220; el_id=&#8220;schluessel&#8220;][vc_column width=&#8220;1\/2&#8243;][vc_single_image image=&#8220;1202&#8243; img_size=&#8220;full&#8220;][\/vc_column][vc_column width=&#8220;1\/2&#8243;]\t\n\t<h2 style=\"text-align: center;margin-bottom: 0px;\" > Der Schl\u00fcssel zu Ihrem Einkaufserfolg!<\/h2>\t\n\t\n\t<h3 style=\"text-align: center;margin-bottom: 30px;\" > Kostenlose Tipps und Tools um dieses Jahr<br \/>\nzu Ihrem Erfolgsjahr zu machen!<\/h3>\t\n[vc_btn title=&#8220;Kostenloses PDF hier herunterladen!&#8220; style=&#8220;custom&#8220; custom_background=&#8220;#fbb829&#8243; custom_text=&#8220;#000000&#8243; align=&#8220;center&#8220; link=&#8220;url:http%3A%2F%2Fwww.heikeherling.de%2Fwordpress%2Fwp-content%2Fuploads%2F2020%2F04%2Ffreebie-heikeherling_.pdf||target:%20_blank|&#8220;][vc_separator css=&#8220;.vc_custom_1484566683696{margin-top: 0px !important;margin-bottom: 20px !important;}&#8220;][\/vc_column][\/vc_row][vc_row css=&#8220;.vc_custom_1452766900798{padding-top: 60px !important;padding-bottom: 60px !important;}&#8220;][vc_column]\t\n\t<h2 style=\"\" > \u00dcber mich<\/h2>\t\n[\/vc_column][vc_column width=&#8220;1\/2&#8243;]\t\n\t<div class=\"center\">\n        <img decoding=\"async\" src=\"https:\/\/www.heikeherling.de\/wordpress\/wp-content\/uploads\/2017\/01\/uebermich.jpg\" class=\"circle\" alt=\"\">\n    <\/div>\n\t[\/vc_column][vc_column width=&#8220;1\/2&#8243;]\t\n\t<h3 style=\"margin-bottom: 0px;\" > <strong>Heike Herling<\/strong><\/h3>\t\n\t\n\t<h5 style=\"\" > Beraterin und Trainerin f\u00fcr Einkauf und Materialwirtschaft<\/h5>\t\n[vc_empty_space height=&#8220;20px&#8220;][vc_column_text]Ich biete Ihnen eine Vielfalt von Einkaufstools, die Ihre Materialkosten senkt, Ihre Wettbewerbsf\u00e4higkeit erh\u00f6ht und Ihren Gewinn steigert!<br \/>\nLaut einer Studie werden \u00a0in deutschen Einkaufsabteilungen j\u00e4hrlich 5 Milliarden Euro \u00a0Gewinn liegengelassen. Bereits mehr als 1000 Teilnehmer meiner Seminare \u00a0haben Ihren Unternehmen mehrere Millionen Euro eingespart. Das schaffen auch Sie![\/vc_column_text][vc_row_inner][vc_column_inner width=&#8220;1\/3&#8243;][vc_column_text css=&#8220;.vc_custom_1587041430759{margin-bottom: 0px !important;border-bottom-width: 0px !important;padding-bottom: 0px !important;}&#8220;]<\/p>\n<p style=\"text-align: center;\"><span style=\"color: #000000;\">mehr als<\/span><\/p>\n<p>[\/vc_column_text]\t\n\t<div class=\"aboutus\">\n\t<div class=\"number\">\n        <figure>2000<\/figure>        <aside>Seminarteilnehmer<\/aside>    <\/div>\n    <\/div>\n\t[\/vc_column_inner][vc_column_inner width=&#8220;1\/3&#8243;][vc_column_text css=&#8220;.vc_custom_1587041445830{margin-bottom: 0px !important;border-bottom-width: 0px !important;padding-bottom: 0px !important;}&#8220;]<\/p>\n<p style=\"text-align: center;\"><span style=\"color: #000000;\">mehr als<\/span><\/p>\n<p>[\/vc_column_text]\t\n\t<div class=\"aboutus\">\n\t<div class=\"number\">\n        <figure>250<\/figure>        <aside>Seminare gehalten<\/aside>    <\/div>\n    <\/div>\n\t[\/vc_column_inner][vc_column_inner width=&#8220;1\/3&#8243;][vc_column_text css=&#8220;.vc_custom_1587041453979{margin-bottom: 0px !important;border-bottom-width: 0px !important;padding-bottom: 0px !important;}&#8220;]<\/p>\n<p style=\"text-align: center;\"><span style=\"color: #000000;\">mehr als<\/span><\/p>\n<p>[\/vc_column_text]\t\n\t<div class=\"aboutus\">\n\t<div class=\"number\">\n        <figure>10<\/figure>        <aside>Jahre Erfahrung als Trainerin<\/aside>    <\/div>\n    <\/div>\n\t[\/vc_column_inner][\/vc_row_inner][vc_separator css=&#8220;.vc_custom_1452826009702{margin-top: 20px !important;}&#8220;]\t\t\t<a href=\"http:\/\/www.heikeherling.de\/index.php\/uebermich\/\" class=\"link underline\">MEHR \u00dcBER MICH<\/a>\n\t\t[\/vc_column][\/vc_row][vc_row css=&#8220;.vc_custom_1453367742462{padding-top: 60px !important;padding-bottom: 60px !important;background-color: rgba(237,234,225,0.5) !important;*background-color: rgb(237,234,225) !important;}&#8220; el_id=&#8220;five-steps-to-success&#8220;][vc_column]\t\n\t<h2 style=\"text-align: center;\" > F\u00fcnf Schritte zu Ihrem Erfolg<\/h2>\t\n\t\n\t<div class=\"step width-20\">\n        <figure>\n            <aside>1.<\/aside>            <div class=\"bar height-20\">                <div class=\"arrow\" style=\"background-image:url(https:\/\/www.heikeherling.de\/wordpress\/wp-content\/uploads\/2017\/01\/pfeil-rechts.png)\"><\/div>\n            <\/div>\n        <\/figure>\n        <h3>Kontaktieren Sie mich<\/h3>        <hr>\n        <p>Nehmen Sie Kontakt zu mir auf und wir vereinbaren einen Termin f\u00fcr ein detailliertes Vorgespr\u00e4ch. Meine Kontaktdaten finden Sie hier.<\/p>\n    <\/div>\n\t\t\n\t<div class=\"step width-20\">\n        <figure>\n            <aside>2.<\/aside>            <div class=\"bar height-40\">                <div class=\"arrow\" style=\"background-image:url(https:\/\/www.heikeherling.de\/wordpress\/wp-content\/uploads\/2017\/01\/pfeil-rechts.png)\"><\/div>\n            <\/div>\n        <\/figure>\n        <h3>Bedarfsanalyse<\/h3>        <hr>\n        <p>Telefonisch oder vor Ort erstellen wir eine Bedarfsanalyse f\u00fcr z. B. Weiter\u00adbildungspotenzial, Trainings, Workshops, begleitete Ver\u00e4nderungsprozesse usw.<\/p>\n    <\/div>\n\t\t\n\t<div class=\"step width-20\">\n        <figure>\n            <aside>3.<\/aside>            <div class=\"bar height-60\">                <div class=\"arrow\" style=\"background-image:url(https:\/\/www.heikeherling.de\/wordpress\/wp-content\/uploads\/2017\/01\/pfeil-rechts.png)\"><\/div>\n            <\/div>\n        <\/figure>\n        <h3>Durchf\u00fchrung<\/h3>        <hr>\n        <p>Das Inhouse-Training findet bei Ihnen oder an einem Ort Ihrer Wahl statt. Gerne k\u00fcmmere ich mich um die komplette Seminarorganisation.<\/p>\n    <\/div>\n\t\t\n\t<div class=\"step width-20\">\n        <figure>\n            <aside>4.<\/aside>            <div class=\"bar height-80\">                <div class=\"arrow\" style=\"background-image:url(https:\/\/www.heikeherling.de\/wordpress\/wp-content\/uploads\/2017\/01\/pfeil-rechts.png)\"><\/div>\n            <\/div>\n        <\/figure>\n        <h3>Auswertung<\/h3>        <hr>\n        <p>Ich stelle sicher, dass die im Vorfeld definierten Seminarziele zu Ihrer Zufriedenheit erreicht werden. Sie bekommen eine Auswertung der Veranstaltung.<\/p>\n    <\/div>\n\t\t\n\t<div class=\"step width-20\">\n        <figure>\n            <aside>5.<\/aside>            <div class=\"bar height-100\">                <div class=\"arrow\" style=\"background-image:url()\"><\/div>\n            <\/div>\n        <\/figure>\n        <h3>Follow-Up Seminar<\/h3>        <hr>\n        <p>Bei Bedarf f\u00fchre ich nach kurzer Zeit eine Follow-up Veranstaltung durch, um Fragestellungen der Teilnehmer aufzugreifen und die geschulten Inhalte zu vertiefen.<\/p>\n    <\/div>\n\t[\/vc_column][vc_column][vc_empty_space]\t\t<div class=\"center\">\n\t<span><\/span>\n\t\t<a href=\"http:\/\/www.heikeherling.de\/index.php\/kontakt\/\" class=\"btn btn-default btn-big\">Kontaktieren Sie mich!<\/a>\n\t\t<\/div>\n\t[\/vc_column][\/vc_row][vc_row][vc_column][\/vc_column][\/vc_row]<\/p>\n","protected":false},"excerpt":{"rendered":"<p>[vc_row fullwidth=&#8220;yes&#8220;][vc_column el_class=&#8220;hero-slider&#8220;][rev_slider_vc alias=&#8220;slider11&#8243; el_class=&#8220;no-bottom-margin&#8220;][vc_column_text css=&#8220;.vc_custom_1587043246669{padding-top: 30px !important;padding-bottom: 30px !important;background-color: #ffbb00 !important;}&#8220;] Alle Seminare auch als Online-Version verf\u00fcgbar! [\/vc_column_text][\/vc_column][\/vc_row][vc_row css=&#8220;.vc_custom_1453175502076{padding-top: 60px !important;padding-bottom: 60px !important;background-color: rgba(237,234,225,0.5) !important;*background-color: rgb(237,234,225) !important;}&#8220;][vc_column width=&#8220;1\/3&#8243;][\/vc_column][vc_column width=&#8220;1\/3&#8243;][\/vc_column][vc_column [&hellip;]<\/p>\n","protected":false},"author":1,"featured_media":0,"parent":0,"menu_order":0,"comment_status":"closed","ping_status":"closed","template":"page-templates\/template-canvas.php","meta":{"_acf_changed":false,"footnotes":""},"class_list":["post-881","page","type-page","status-publish","hentry"],"acf":[],"yoast_head":"<!-- This site is optimized with the Yoast SEO plugin v27.3 - https:\/\/yoast.com\/product\/yoast-seo-wordpress\/ -->\n<title>Home - Heike Herling - Trainerin und Beraterin f\u00fcr Einkauf und Materialwirtschaft<\/title>\n<meta name=\"description\" content=\"Ich biete Ihnen den Schl\u00fcssel f\u00fcr Ihren Einkaufserfolg: Kostenlose Tipps und Tools um 2017 zu Ihrem Erfolgsjahr zu machen! Starten Sie durch im Einkauf!\" \/>\n<meta name=\"robots\" content=\"index, follow, max-snippet:-1, max-image-preview:large, max-video-preview:-1\" \/>\n<link rel=\"canonical\" href=\"https:\/\/www.heikeherling.de\/\" \/>\n<meta property=\"og:locale\" content=\"de_DE\" \/>\n<meta property=\"og:type\" content=\"article\" \/>\n<meta property=\"og:title\" content=\"Home - Heike Herling - Trainerin und Beraterin f\u00fcr Einkauf und Materialwirtschaft\" \/>\n<meta property=\"og:description\" content=\"Ich biete Ihnen den Schl\u00fcssel f\u00fcr Ihren Einkaufserfolg: Kostenlose Tipps und Tools um 2017 zu Ihrem Erfolgsjahr zu machen! Starten Sie durch im Einkauf!\" \/>\n<meta property=\"og:url\" content=\"https:\/\/www.heikeherling.de\/\" \/>\n<meta property=\"og:site_name\" content=\"Heike Herling - Trainerin und Beraterin f\u00fcr Einkauf und Materialwirtschaft\" \/>\n<meta property=\"article:modified_time\" content=\"2020-04-16T13:20:51+00:00\" \/>\n<meta name=\"twitter:card\" content=\"summary_large_image\" \/>\n<meta name=\"twitter:label1\" content=\"Gesch\u00e4tzte Lesezeit\" \/>\n\t<meta name=\"twitter:data1\" content=\"4\u00a0Minuten\" \/>\n<script type=\"application\/ld+json\" class=\"yoast-schema-graph\">{\"@context\":\"https:\\\/\\\/schema.org\",\"@graph\":[{\"@type\":\"WebPage\",\"@id\":\"https:\\\/\\\/www.heikeherling.de\\\/\",\"url\":\"https:\\\/\\\/www.heikeherling.de\\\/\",\"name\":\"Home - Heike Herling - Trainerin und Beraterin f\u00fcr Einkauf und Materialwirtschaft\",\"isPartOf\":{\"@id\":\"https:\\\/\\\/www.heikeherling.de\\\/#website\"},\"datePublished\":\"2017-01-03T11:44:08+00:00\",\"dateModified\":\"2020-04-16T13:20:51+00:00\",\"description\":\"Ich biete Ihnen den Schl\u00fcssel f\u00fcr Ihren Einkaufserfolg: Kostenlose Tipps und Tools um 2017 zu Ihrem Erfolgsjahr zu machen! Starten Sie durch im Einkauf!\",\"breadcrumb\":{\"@id\":\"https:\\\/\\\/www.heikeherling.de\\\/#breadcrumb\"},\"inLanguage\":\"de\",\"potentialAction\":[{\"@type\":\"ReadAction\",\"target\":[\"https:\\\/\\\/www.heikeherling.de\\\/\"]}]},{\"@type\":\"BreadcrumbList\",\"@id\":\"https:\\\/\\\/www.heikeherling.de\\\/#breadcrumb\",\"itemListElement\":[{\"@type\":\"ListItem\",\"position\":1,\"name\":\"Startseite\",\"item\":\"https:\\\/\\\/www.heikeherling.de\\\/\"},{\"@type\":\"ListItem\",\"position\":2,\"name\":\"Home\"}]},{\"@type\":\"WebSite\",\"@id\":\"https:\\\/\\\/www.heikeherling.de\\\/#website\",\"url\":\"https:\\\/\\\/www.heikeherling.de\\\/\",\"name\":\"Heike Herling - Trainerin und Beraterin f\u00fcr Einkauf und Materialwirtschaft\",\"description\":\"Trainerin und Beraterin f\u00fcr Einkauf und Materialwirtschaft\",\"potentialAction\":[{\"@type\":\"SearchAction\",\"target\":{\"@type\":\"EntryPoint\",\"urlTemplate\":\"https:\\\/\\\/www.heikeherling.de\\\/?s={search_term_string}\"},\"query-input\":{\"@type\":\"PropertyValueSpecification\",\"valueRequired\":true,\"valueName\":\"search_term_string\"}}],\"inLanguage\":\"de\"}]}<\/script>\n<!-- \/ Yoast SEO plugin. -->","yoast_head_json":{"title":"Home - Heike Herling - Trainerin und Beraterin f\u00fcr Einkauf und Materialwirtschaft","description":"Ich biete Ihnen den Schl\u00fcssel f\u00fcr Ihren Einkaufserfolg: Kostenlose Tipps und Tools um 2017 zu Ihrem Erfolgsjahr zu machen! Starten Sie durch im Einkauf!","robots":{"index":"index","follow":"follow","max-snippet":"max-snippet:-1","max-image-preview":"max-image-preview:large","max-video-preview":"max-video-preview:-1"},"canonical":"https:\/\/www.heikeherling.de\/","og_locale":"de_DE","og_type":"article","og_title":"Home - Heike Herling - Trainerin und Beraterin f\u00fcr Einkauf und Materialwirtschaft","og_description":"Ich biete Ihnen den Schl\u00fcssel f\u00fcr Ihren Einkaufserfolg: Kostenlose Tipps und Tools um 2017 zu Ihrem Erfolgsjahr zu machen! Starten Sie durch im Einkauf!","og_url":"https:\/\/www.heikeherling.de\/","og_site_name":"Heike Herling - Trainerin und Beraterin f\u00fcr Einkauf und Materialwirtschaft","article_modified_time":"2020-04-16T13:20:51+00:00","twitter_card":"summary_large_image","twitter_misc":{"Gesch\u00e4tzte Lesezeit":"4\u00a0Minuten"},"schema":{"@context":"https:\/\/schema.org","@graph":[{"@type":"WebPage","@id":"https:\/\/www.heikeherling.de\/","url":"https:\/\/www.heikeherling.de\/","name":"Home - Heike Herling - Trainerin und Beraterin f\u00fcr Einkauf und Materialwirtschaft","isPartOf":{"@id":"https:\/\/www.heikeherling.de\/#website"},"datePublished":"2017-01-03T11:44:08+00:00","dateModified":"2020-04-16T13:20:51+00:00","description":"Ich biete Ihnen den Schl\u00fcssel f\u00fcr Ihren Einkaufserfolg: Kostenlose Tipps und Tools um 2017 zu Ihrem Erfolgsjahr zu machen! Starten Sie durch im Einkauf!","breadcrumb":{"@id":"https:\/\/www.heikeherling.de\/#breadcrumb"},"inLanguage":"de","potentialAction":[{"@type":"ReadAction","target":["https:\/\/www.heikeherling.de\/"]}]},{"@type":"BreadcrumbList","@id":"https:\/\/www.heikeherling.de\/#breadcrumb","itemListElement":[{"@type":"ListItem","position":1,"name":"Startseite","item":"https:\/\/www.heikeherling.de\/"},{"@type":"ListItem","position":2,"name":"Home"}]},{"@type":"WebSite","@id":"https:\/\/www.heikeherling.de\/#website","url":"https:\/\/www.heikeherling.de\/","name":"Heike Herling - Trainerin und Beraterin f\u00fcr Einkauf und Materialwirtschaft","description":"Trainerin und Beraterin f\u00fcr Einkauf und Materialwirtschaft","potentialAction":[{"@type":"SearchAction","target":{"@type":"EntryPoint","urlTemplate":"https:\/\/www.heikeherling.de\/?s={search_term_string}"},"query-input":{"@type":"PropertyValueSpecification","valueRequired":true,"valueName":"search_term_string"}}],"inLanguage":"de"}]}},"_links":{"self":[{"href":"https:\/\/www.heikeherling.de\/index.php\/wp-json\/wp\/v2\/pages\/881","targetHints":{"allow":["GET"]}}],"collection":[{"href":"https:\/\/www.heikeherling.de\/index.php\/wp-json\/wp\/v2\/pages"}],"about":[{"href":"https:\/\/www.heikeherling.de\/index.php\/wp-json\/wp\/v2\/types\/page"}],"author":[{"embeddable":true,"href":"https:\/\/www.heikeherling.de\/index.php\/wp-json\/wp\/v2\/users\/1"}],"replies":[{"embeddable":true,"href":"https:\/\/www.heikeherling.de\/index.php\/wp-json\/wp\/v2\/comments?post=881"}],"version-history":[{"count":56,"href":"https:\/\/www.heikeherling.de\/index.php\/wp-json\/wp\/v2\/pages\/881\/revisions"}],"predecessor-version":[{"id":1214,"href":"https:\/\/www.heikeherling.de\/index.php\/wp-json\/wp\/v2\/pages\/881\/revisions\/1214"}],"wp:attachment":[{"href":"https:\/\/www.heikeherling.de\/index.php\/wp-json\/wp\/v2\/media?parent=881"}],"curies":[{"name":"wp","href":"https:\/\/api.w.org\/{rel}","templated":true}]}}