{"id":59,"date":"2016-01-13T09:20:36","date_gmt":"2016-01-13T09:20:36","guid":{"rendered":"http:\/\/demo.oceanthemes.net\/mentor\/?page_id=59"},"modified":"2020-04-16T14:55:12","modified_gmt":"2020-04-16T12:55:12","slug":"uebermich","status":"publish","type":"page","link":"https:\/\/www.heikeherling.de\/index.php\/uebermich\/","title":{"rendered":"\u00dcber mich"},"content":{"rendered":"<p>[vc_row css=&#8220;.vc_custom_1452678098680{padding-top: 60px !important;padding-bottom: 60px !important;}&#8220;][vc_column width=&#8220;1\/3&#8243;]\t\n\t<div class=\"center\">\n        <img decoding=\"async\" src=\"https:\/\/www.heikeherling.de\/wordpress\/wp-content\/uploads\/2016\/01\/uebermich2.jpg\" class=\"circle\" alt=\"\">\n    <\/div>\n\t[\/vc_column][vc_column width=&#8220;2\/3&#8243;]\t\n\t<h3 style=\"margin-bottom: 0px;\" > <strong>Heike Herling<\/strong><\/h3>\t\n\t\n\t<h5 style=\"\" > Trainerin und Beraterin f\u00fcr Einkauf und Materialwirtschaft<\/h5>\t\n[vc_empty_space height=&#8220;20px&#8220;][vc_column_text]Ich biete Ihnen eine umfassende Palette an Einkaufsdienstleistungen:<\/p>\n<ul>\n<li>Seminare<\/li>\n<li>Trainings<\/li>\n<li>Inhouse-Schulungen<\/li>\n<li>Beratung<\/li>\n<li>Analysen usw.<\/li>\n<\/ul>\n<p>Das komplette R\u00fcstzeug um Ihren Einkauf zum Kostenoptimierer des Unternehmens zu entwickeln!<br \/>\nAu\u00dferdem bearbeite ich mit Ihrem Team aktuelle Fragestellungen und begleite Ver\u00e4nderungsprozesse (mit Hilfe der methodischen Gruppenmoderatorin).[\/vc_column_text][\/vc_column][\/vc_row][vc_row css=&#8220;.vc_custom_1483609747905{padding-top: 60px !important;padding-bottom: 60px !important;background-color: rgba(237,234,225,0.5) !important;*background-color: rgb(237,234,225) !important;}&#8220;][vc_column width=&#8220;1\/2&#8243;]\t\n\t<h2 style=\"\" > Was ist Ihr Nutzen?<\/h2>\t\n[vc_column_text]<\/p>\n<p>Durch meine langj\u00e4hrige Erfahrung im Einkauf wei\u00df ich wo \u201eder (Eink\u00e4ufer-) Schuh dr\u00fcckt\u201c und kann speziell darauf eingehen. Ich bezeichne mich selber als \u201eEink\u00e4uferin und Trainerin aus Leidenschaft\u201c. Diese hohe Motivation m\u00f6chte ich weitergeben. Die Teilnehmer meiner Seminare k\u00f6nnen das neu erworbene Wissen sofort umsetzen.<\/p>\n<p>Mein Ziel ist es, Menschen f\u00fcr die T\u00e4tigkeit in der Materialwirtschaft zu begeistern und Ihnen das n\u00f6tige Wissen f\u00fcr \u201eglobal purchasing\u201c mitzugeben und weiterzuentwickeln.<\/p>\n<p>Durch meine F\u00e4higkeit jeden Einzelnen dort abzuholen wo er steht, f\u00fchren von mir moderierte Ergebnisfindungen immer zum Erfolg.<\/p>\n<p>[\/vc_column_text]\t\t<div class=\"center\">\n\t<span><\/span>\n\t\t<a href=\"http:\/\/www.heikeherling.de\/index.php\/kontakt\/\" class=\"btn btn-default btn-big\">Lassen Sie uns zusammen arbeiten!<\/a>\n\t\t<\/div>\n\t[\/vc_column][vc_column width=&#8220;1\/2&#8243;]\t\n\t<h2 style=\"\" > Meine Vita<\/h2>\t\n[vc_column_text]<\/p>\n<div class=\"body\">\n<ul class=\"vita\">\n<li>Ausbildung zur Industriekauffrau bei Kloth-Senking Metallgie\u00dferei GmbH, Hildesheim<\/li>\n<li>Hochschulreife am Wirtschaftsgymnasium in Hildesheim<\/li>\n<li>T\u00e4tigkeit in verschiedenen Bereichen der Beschaffung und des\u00a0 Beschaffungsmarketings<\/li>\n<li>zuletzt stellvertretende Einkaufsleitung bei FUBA PRINTED CIRCUITS GMBH<\/li>\n<li>parallel Weiterbildung zur Fachkauffrau f\u00fcr Einkauf und Materialwirtschaft<\/li>\n<li>seit 1997 Dozentin f\u00fcr die Ausbildung zum Fachkaufmann\/- frau f\u00fcr Einkauf und Logistik<\/li>\n<li>seit 2007 selbstst\u00e4ndige Dozentin und Beraterin f\u00fcr Einkauf und Materialwirtschaft<\/li>\n<li>Zertifizierung zur &#8222;Dozentin in der Erwachsenenbildung&#8220; im Oktober 2007<\/li>\n<li>Zertifizierung zur Moderatorin MGM<\/li>\n<li>2017 Weiterbildung zum Risikomanager<\/li>\n<li>2018 Weiterbildung zum Onlinetrainer<\/li>\n<\/ul>\n<\/div>\n<p>[\/vc_column_text][\/vc_column][\/vc_row]<\/p>\n","protected":false},"excerpt":{"rendered":"<p>[vc_row css=&#8220;.vc_custom_1452678098680{padding-top: 60px !important;padding-bottom: 60px !important;}&#8220;][vc_column width=&#8220;1\/3&#8243;][\/vc_column][vc_column width=&#8220;2\/3&#8243;][vc_empty_space height=&#8220;20px&#8220;][vc_column_text]Ich biete Ihnen eine umfassende Palette an Einkaufsdienstleistungen: Seminare Trainings Inhouse-Schulungen Beratung Analysen usw. Das komplette R\u00fcstzeug um Ihren Einkauf zum Kostenoptimierer [&hellip;]<\/p>\n","protected":false},"author":2,"featured_media":0,"parent":0,"menu_order":0,"comment_status":"closed","ping_status":"closed","template":"page-templates\/template-canvas.php","meta":{"_acf_changed":false,"footnotes":""},"class_list":["post-59","page","type-page","status-publish","hentry"],"acf":[],"yoast_head":"<!-- This site is optimized with the Yoast SEO plugin v27.3 - https:\/\/yoast.com\/product\/yoast-seo-wordpress\/ -->\n<title>\u00dcber mich - Heike Herling - Trainerin und Beraterin f\u00fcr Einkauf und Materialwirtschaft<\/title>\n<meta name=\"description\" content=\"Trainerin f\u00fcr Einkauf und Materialwirtschaft: Ich biete Ihnen eine umfassende Palette an Seminaren, Trainings, Inhouse-Schulungen, Beratung und Analysen.\" \/>\n<meta name=\"robots\" content=\"index, follow, max-snippet:-1, max-image-preview:large, max-video-preview:-1\" \/>\n<link rel=\"canonical\" href=\"https:\/\/www.heikeherling.de\/index.php\/uebermich\/\" \/>\n<meta property=\"og:locale\" content=\"de_DE\" \/>\n<meta property=\"og:type\" content=\"article\" \/>\n<meta property=\"og:title\" content=\"\u00dcber mich - Heike Herling - Trainerin und Beraterin f\u00fcr Einkauf und Materialwirtschaft\" \/>\n<meta property=\"og:description\" content=\"Trainerin f\u00fcr Einkauf und Materialwirtschaft: Ich biete Ihnen eine umfassende Palette an Seminaren, Trainings, Inhouse-Schulungen, Beratung und Analysen.\" \/>\n<meta property=\"og:url\" content=\"https:\/\/www.heikeherling.de\/index.php\/uebermich\/\" \/>\n<meta property=\"og:site_name\" content=\"Heike Herling - Trainerin und Beraterin f\u00fcr Einkauf und Materialwirtschaft\" \/>\n<meta property=\"article:modified_time\" content=\"2020-04-16T12:55:12+00:00\" \/>\n<meta name=\"twitter:card\" content=\"summary_large_image\" \/>\n<meta name=\"twitter:label1\" content=\"Gesch\u00e4tzte Lesezeit\" \/>\n\t<meta name=\"twitter:data1\" content=\"2\u00a0Minuten\" \/>\n<script type=\"application\/ld+json\" class=\"yoast-schema-graph\">{\"@context\":\"https:\\\/\\\/schema.org\",\"@graph\":[{\"@type\":\"WebPage\",\"@id\":\"https:\\\/\\\/www.heikeherling.de\\\/index.php\\\/uebermich\\\/\",\"url\":\"https:\\\/\\\/www.heikeherling.de\\\/index.php\\\/uebermich\\\/\",\"name\":\"\u00dcber mich - Heike Herling - Trainerin und Beraterin f\u00fcr Einkauf und Materialwirtschaft\",\"isPartOf\":{\"@id\":\"https:\\\/\\\/www.heikeherling.de\\\/#website\"},\"datePublished\":\"2016-01-13T09:20:36+00:00\",\"dateModified\":\"2020-04-16T12:55:12+00:00\",\"description\":\"Trainerin f\u00fcr Einkauf und Materialwirtschaft: Ich biete Ihnen eine umfassende Palette an Seminaren, Trainings, Inhouse-Schulungen, Beratung und Analysen.\",\"breadcrumb\":{\"@id\":\"https:\\\/\\\/www.heikeherling.de\\\/index.php\\\/uebermich\\\/#breadcrumb\"},\"inLanguage\":\"de\",\"potentialAction\":[{\"@type\":\"ReadAction\",\"target\":[\"https:\\\/\\\/www.heikeherling.de\\\/index.php\\\/uebermich\\\/\"]}]},{\"@type\":\"BreadcrumbList\",\"@id\":\"https:\\\/\\\/www.heikeherling.de\\\/index.php\\\/uebermich\\\/#breadcrumb\",\"itemListElement\":[{\"@type\":\"ListItem\",\"position\":1,\"name\":\"Startseite\",\"item\":\"https:\\\/\\\/www.heikeherling.de\\\/\"},{\"@type\":\"ListItem\",\"position\":2,\"name\":\"\u00dcber mich\"}]},{\"@type\":\"WebSite\",\"@id\":\"https:\\\/\\\/www.heikeherling.de\\\/#website\",\"url\":\"https:\\\/\\\/www.heikeherling.de\\\/\",\"name\":\"Heike Herling - Trainerin und Beraterin f\u00fcr Einkauf und Materialwirtschaft\",\"description\":\"Trainerin und Beraterin f\u00fcr Einkauf und Materialwirtschaft\",\"potentialAction\":[{\"@type\":\"SearchAction\",\"target\":{\"@type\":\"EntryPoint\",\"urlTemplate\":\"https:\\\/\\\/www.heikeherling.de\\\/?s={search_term_string}\"},\"query-input\":{\"@type\":\"PropertyValueSpecification\",\"valueRequired\":true,\"valueName\":\"search_term_string\"}}],\"inLanguage\":\"de\"}]}<\/script>\n<!-- \/ Yoast SEO plugin. -->","yoast_head_json":{"title":"\u00dcber mich - Heike Herling - Trainerin und Beraterin f\u00fcr Einkauf und Materialwirtschaft","description":"Trainerin f\u00fcr Einkauf und Materialwirtschaft: Ich biete Ihnen eine umfassende Palette an Seminaren, Trainings, Inhouse-Schulungen, Beratung und Analysen.","robots":{"index":"index","follow":"follow","max-snippet":"max-snippet:-1","max-image-preview":"max-image-preview:large","max-video-preview":"max-video-preview:-1"},"canonical":"https:\/\/www.heikeherling.de\/index.php\/uebermich\/","og_locale":"de_DE","og_type":"article","og_title":"\u00dcber mich - Heike Herling - Trainerin und Beraterin f\u00fcr Einkauf und Materialwirtschaft","og_description":"Trainerin f\u00fcr Einkauf und Materialwirtschaft: Ich biete Ihnen eine umfassende Palette an Seminaren, Trainings, Inhouse-Schulungen, Beratung und Analysen.","og_url":"https:\/\/www.heikeherling.de\/index.php\/uebermich\/","og_site_name":"Heike Herling - Trainerin und Beraterin f\u00fcr Einkauf und Materialwirtschaft","article_modified_time":"2020-04-16T12:55:12+00:00","twitter_card":"summary_large_image","twitter_misc":{"Gesch\u00e4tzte Lesezeit":"2\u00a0Minuten"},"schema":{"@context":"https:\/\/schema.org","@graph":[{"@type":"WebPage","@id":"https:\/\/www.heikeherling.de\/index.php\/uebermich\/","url":"https:\/\/www.heikeherling.de\/index.php\/uebermich\/","name":"\u00dcber mich - Heike Herling - Trainerin und Beraterin f\u00fcr Einkauf und Materialwirtschaft","isPartOf":{"@id":"https:\/\/www.heikeherling.de\/#website"},"datePublished":"2016-01-13T09:20:36+00:00","dateModified":"2020-04-16T12:55:12+00:00","description":"Trainerin f\u00fcr Einkauf und Materialwirtschaft: Ich biete Ihnen eine umfassende Palette an Seminaren, Trainings, Inhouse-Schulungen, Beratung und Analysen.","breadcrumb":{"@id":"https:\/\/www.heikeherling.de\/index.php\/uebermich\/#breadcrumb"},"inLanguage":"de","potentialAction":[{"@type":"ReadAction","target":["https:\/\/www.heikeherling.de\/index.php\/uebermich\/"]}]},{"@type":"BreadcrumbList","@id":"https:\/\/www.heikeherling.de\/index.php\/uebermich\/#breadcrumb","itemListElement":[{"@type":"ListItem","position":1,"name":"Startseite","item":"https:\/\/www.heikeherling.de\/"},{"@type":"ListItem","position":2,"name":"\u00dcber mich"}]},{"@type":"WebSite","@id":"https:\/\/www.heikeherling.de\/#website","url":"https:\/\/www.heikeherling.de\/","name":"Heike Herling - Trainerin und Beraterin f\u00fcr Einkauf und Materialwirtschaft","description":"Trainerin und Beraterin f\u00fcr Einkauf und Materialwirtschaft","potentialAction":[{"@type":"SearchAction","target":{"@type":"EntryPoint","urlTemplate":"https:\/\/www.heikeherling.de\/?s={search_term_string}"},"query-input":{"@type":"PropertyValueSpecification","valueRequired":true,"valueName":"search_term_string"}}],"inLanguage":"de"}]}},"_links":{"self":[{"href":"https:\/\/www.heikeherling.de\/index.php\/wp-json\/wp\/v2\/pages\/59","targetHints":{"allow":["GET"]}}],"collection":[{"href":"https:\/\/www.heikeherling.de\/index.php\/wp-json\/wp\/v2\/pages"}],"about":[{"href":"https:\/\/www.heikeherling.de\/index.php\/wp-json\/wp\/v2\/types\/page"}],"author":[{"embeddable":true,"href":"https:\/\/www.heikeherling.de\/index.php\/wp-json\/wp\/v2\/users\/2"}],"replies":[{"embeddable":true,"href":"https:\/\/www.heikeherling.de\/index.php\/wp-json\/wp\/v2\/comments?post=59"}],"version-history":[{"count":18,"href":"https:\/\/www.heikeherling.de\/index.php\/wp-json\/wp\/v2\/pages\/59\/revisions"}],"predecessor-version":[{"id":1208,"href":"https:\/\/www.heikeherling.de\/index.php\/wp-json\/wp\/v2\/pages\/59\/revisions\/1208"}],"wp:attachment":[{"href":"https:\/\/www.heikeherling.de\/index.php\/wp-json\/wp\/v2\/media?parent=59"}],"curies":[{"name":"wp","href":"https:\/\/api.w.org\/{rel}","templated":true}]}}