{"id":130,"date":"2016-01-14T05:09:23","date_gmt":"2016-01-14T05:09:23","guid":{"rendered":"http:\/\/demo.oceanthemes.net\/mentor\/?page_id=130"},"modified":"2020-04-16T15:31:50","modified_gmt":"2020-04-16T13:31:50","slug":"workshops","status":"publish","type":"page","link":"https:\/\/www.heikeherling.de\/index.php\/workshops\/","title":{"rendered":"Workshops"},"content":{"rendered":"<p>[vc_row][vc_column css=&#8220;.vc_custom_1483611433561{margin-top: 40px !important;margin-bottom: 0px !important;}&#8220;][vc_column_text css=&#8220;.vc_custom_1587043898896{margin-top: 0px !important;padding-top: 30px !important;padding-bottom: 30px !important;background-color: #ffbb00 !important;}&#8220;]<\/p>\n<h2 style=\"text-align: center;\"><span style=\"color: #ffffff;\">Alle Seminare und Workshops auch als Online-Version verf\u00fcgbar!<\/span><\/h2>\n<p>[\/vc_column_text]\t\n\t<h2 style=\"text-align: left;\" > Folgende Seminare und Workshops kann ich Ihnen sofort anbieten:<\/h2>\t\n[\/vc_column][\/vc_row][vc_row][vc_column width=&#8220;1\/2&#8243;][vc_single_image image=&#8220;951&#8243; img_size=&#8220;full&#8220;][\/vc_column][vc_column width=&#8220;1\/2&#8243;][vc_column_text]<\/p>\n<ul class=\"vita\">\n<li><span class=\"bold\">Seminar 1:<br \/>\n<\/span><span class=\"bold\"><a href=\"https:\/\/www.heikeherling.de\/index.php\/basistraining\/\"><strong>Basistraining f\u00fcr Eink\u00e4ufer<\/strong> \u2013 Was Sie im Einkauf wissen m\u00fcssen (2-t\u00e4gig)<\/a><\/span><\/li>\n<li><span class=\"bold\">Seminar 2:<br \/>\n<a href=\"https:\/\/www.heikeherling.de\/index.php\/materialdisposition\/\"><strong>Erfolgreiche Materialdisposition<\/strong> \u2013 Best\u00e4nde optimieren , Kosten senken (2-t\u00e4gig)<\/a><\/span><\/li>\n<li><span class=\"bold\">Seminar 3:<br \/>\n<a href=\"https:\/\/www.heikeherling.de\/index.php\/strategischereinkauf\/\"><strong>Strategischer Einkauf <\/strong>\u2013 erfolgreiche Methoden und Techniken (2-t\u00e4gig)<\/a><\/span><\/li>\n<li><span class=\"bold\">Seminar 4:<br \/>\n<a href=\"https:\/\/www.heikeherling.de\/index.php\/preisanalyse\/\"><strong>Preisanalyse\/Preisbeurteilung<\/strong> \u2013 Kostenstrukturen der Lieferanten verstehen und gewinnbringend nutzen (1-t\u00e4gig)<\/a><\/span><\/li>\n<li><span class=\"bold\">Seminar 5:<br \/>\n<a href=\"https:\/\/www.heikeherling.de\/index.php\/lieferantenmanagement\/\"><strong>Professionelles Lieferantenmanagement<\/strong> \u2013 Lieferantenauswahl, -analyse, -bewertung im Einkauf (1-t\u00e4gig)<\/a><\/span><\/li>\n<li><span class=\"bold\">Seminar 6:<br \/>\n<a href=\"https:\/\/www.heikeherling.de\/index.php\/einkaufscontrolling\/\"><strong>Einkaufscontrolling<\/strong> \u2013 Einkaufsprozesse zielgerichtet planen und steuern (1-t\u00e4gig)<\/a><\/span><\/li>\n<li><span class=\"bold\">Seminar 7:<br \/>\n<a href=\"https:\/\/www.heikeherling.de\/index.php\/monopolisten\/\"><strong>Umgang und Verhandlungen mit Monopolisten<\/strong> (2-t\u00e4gig)<\/a><\/span><\/li>\n<li><span class=\"bold\">Seminar 8:<br \/>\n<a href=\"https:\/\/www.heikeherling.de\/index.php\/verhandlungsfuehrung\/\"><strong>Verhandlungsf\u00fchrung f\u00fcr Eink\u00e4ufer <\/strong> (2-t\u00e4gig)<\/a><\/span><\/li>\n<li><span class=\"bold\">Seminar 9:<br \/>\n<a href=\"https:\/\/www.heikeherling.de\/index.php\/wieticktdereinkaeufer\/\"><strong>Wie \u201etickt\u201c der Eink\u00e4ufer?<\/strong> Was Verk\u00e4ufer \u00fcber Eink\u00e4ufer und den Einkauf wissen sollten (1-t\u00e4gig)<\/a><\/span><\/li>\n<\/ul>\n<p>[\/vc_column_text][\/vc_column][\/vc_row][vc_row css=&#8220;.vc_custom_1483612812368{margin-bottom: 0px !important;background-color: rgba(237,234,225,0.5) !important;*background-color: rgb(237,234,225) !important;}&#8220;][vc_column width=&#8220;1\/2&#8243; css=&#8220;.vc_custom_1483611433561{margin-top: 40px !important;margin-bottom: 0px !important;}&#8220;][vc_column_text]Alle Seminare oder Workshops finden als Inhouse-Training findet bei Ihnen vor Ort oder an einem Ort Ihrer Wahl statt. Gerne k\u00fcmmere ich mich um die komplette Seminarorganisation.<\/p>\n<p>Ich stelle sicher, dass die im Vorfeld definierten Seminarziele zu Ihrer Zufriedenheit erreicht werden. Sie bekommen eine Auswertung der Veranstaltung.[\/vc_column_text][\/vc_column][vc_column width=&#8220;1\/2&#8243; css=&#8220;.vc_custom_1483612931108{margin-top: 40px !important;}&#8220;][vc_column_text]Bei Bedarf f\u00fchre ich nach kurzer Zeit eine Follow-up Veranstaltung durch, um Fragestellungen der Teilnehmer aufzugreifen und die geschulten Inhalte zu vertiefen.<\/p>\n<p><span class=\"body\">Nat\u00fcrlich sind auch speziell auf Ihre W\u00fcnsche und Bed\u00fcrfnisse zugeschnittene Seminare m\u00f6glich. M\u00f6chten Sie eine individuelle Beratung?<br \/>\n<\/span>[\/vc_column_text][\/vc_column][\/vc_row][vc_row css=&#8220;.vc_custom_1483613114900{margin-top: 0px !important;margin-bottom: 40px !important;background-color: rgba(237,234,225,0.5) !important;*background-color: rgb(237,234,225) !important;}&#8220;][vc_column css=&#8220;.vc_custom_1483613045024{margin-top: 0px !important;margin-bottom: 0px !important;}&#8220;]\t\t<div class=\"center\">\n\t<span><\/span>\n\t\t<a href=\"https:\/\/www.heikeherling.de\/index.php\/kontakt\/\" class=\"btn btn-default btn-big\">KONTAKTIEREN SIE MICH!<\/a>\n\t\t<\/div>\n\t[vc_empty_space height=&#8220;40px&#8220;][\/vc_column][\/vc_row]<\/p>\n","protected":false},"excerpt":{"rendered":"<p>[vc_row][vc_column css=&#8220;.vc_custom_1483611433561{margin-top: 40px !important;margin-bottom: 0px !important;}&#8220;][vc_column_text css=&#8220;.vc_custom_1587043898896{margin-top: 0px !important;padding-top: 30px !important;padding-bottom: 30px !important;background-color: #ffbb00 !important;}&#8220;] Alle Seminare und Workshops auch als Online-Version verf\u00fcgbar! [\/vc_column_text][\/vc_column][\/vc_row][vc_row][vc_column width=&#8220;1\/2&#8243;][vc_single_image image=&#8220;951&#8243; img_size=&#8220;full&#8220;][\/vc_column][vc_column width=&#8220;1\/2&#8243;][vc_column_text] Seminar 1: [&hellip;]<\/p>\n","protected":false},"author":2,"featured_media":0,"parent":0,"menu_order":0,"comment_status":"closed","ping_status":"closed","template":"page-templates\/template-canvas.php","meta":{"_acf_changed":false,"footnotes":""},"class_list":["post-130","page","type-page","status-publish","hentry"],"acf":[],"yoast_head":"<!-- This site is optimized with the Yoast SEO plugin v27.3 - https:\/\/yoast.com\/product\/yoast-seo-wordpress\/ -->\n<title>Workshops - Heike Herling - Trainerin und Beraterin f\u00fcr Einkauf und Materialwirtschaft<\/title>\n<meta name=\"description\" content=\"W\u00e4hlen Sie aus neun verschiedenen Seminaren und\/oder Workshops, die ich Ihnen sofort als Inhouse-Schulung vor Ort anbieten kann!\" \/>\n<meta name=\"robots\" content=\"index, follow, max-snippet:-1, max-image-preview:large, max-video-preview:-1\" \/>\n<link rel=\"canonical\" href=\"https:\/\/www.heikeherling.de\/index.php\/workshops\/\" \/>\n<meta property=\"og:locale\" content=\"de_DE\" \/>\n<meta property=\"og:type\" content=\"article\" \/>\n<meta property=\"og:title\" content=\"Workshops - Heike Herling - Trainerin und Beraterin f\u00fcr Einkauf und Materialwirtschaft\" \/>\n<meta property=\"og:description\" content=\"W\u00e4hlen Sie aus neun verschiedenen Seminaren und\/oder Workshops, die ich Ihnen sofort als Inhouse-Schulung vor Ort anbieten kann!\" \/>\n<meta property=\"og:url\" content=\"https:\/\/www.heikeherling.de\/index.php\/workshops\/\" \/>\n<meta property=\"og:site_name\" content=\"Heike Herling - Trainerin und Beraterin f\u00fcr Einkauf und Materialwirtschaft\" \/>\n<meta property=\"article:modified_time\" content=\"2020-04-16T13:31:50+00:00\" \/>\n<meta name=\"twitter:card\" content=\"summary_large_image\" \/>\n<meta name=\"twitter:label1\" content=\"Gesch\u00e4tzte Lesezeit\" \/>\n\t<meta name=\"twitter:data1\" content=\"2\u00a0Minuten\" \/>\n<script type=\"application\/ld+json\" class=\"yoast-schema-graph\">{\"@context\":\"https:\\\/\\\/schema.org\",\"@graph\":[{\"@type\":\"WebPage\",\"@id\":\"https:\\\/\\\/www.heikeherling.de\\\/index.php\\\/workshops\\\/\",\"url\":\"https:\\\/\\\/www.heikeherling.de\\\/index.php\\\/workshops\\\/\",\"name\":\"Workshops - Heike Herling - Trainerin und Beraterin f\u00fcr Einkauf und Materialwirtschaft\",\"isPartOf\":{\"@id\":\"https:\\\/\\\/www.heikeherling.de\\\/#website\"},\"datePublished\":\"2016-01-14T05:09:23+00:00\",\"dateModified\":\"2020-04-16T13:31:50+00:00\",\"description\":\"W\u00e4hlen Sie aus neun verschiedenen Seminaren und\\\/oder Workshops, die ich Ihnen sofort als Inhouse-Schulung vor Ort anbieten kann!\",\"breadcrumb\":{\"@id\":\"https:\\\/\\\/www.heikeherling.de\\\/index.php\\\/workshops\\\/#breadcrumb\"},\"inLanguage\":\"de\",\"potentialAction\":[{\"@type\":\"ReadAction\",\"target\":[\"https:\\\/\\\/www.heikeherling.de\\\/index.php\\\/workshops\\\/\"]}]},{\"@type\":\"BreadcrumbList\",\"@id\":\"https:\\\/\\\/www.heikeherling.de\\\/index.php\\\/workshops\\\/#breadcrumb\",\"itemListElement\":[{\"@type\":\"ListItem\",\"position\":1,\"name\":\"Startseite\",\"item\":\"https:\\\/\\\/www.heikeherling.de\\\/\"},{\"@type\":\"ListItem\",\"position\":2,\"name\":\"Workshops\"}]},{\"@type\":\"WebSite\",\"@id\":\"https:\\\/\\\/www.heikeherling.de\\\/#website\",\"url\":\"https:\\\/\\\/www.heikeherling.de\\\/\",\"name\":\"Heike Herling - Trainerin und Beraterin f\u00fcr Einkauf und Materialwirtschaft\",\"description\":\"Trainerin und Beraterin f\u00fcr Einkauf und Materialwirtschaft\",\"potentialAction\":[{\"@type\":\"SearchAction\",\"target\":{\"@type\":\"EntryPoint\",\"urlTemplate\":\"https:\\\/\\\/www.heikeherling.de\\\/?s={search_term_string}\"},\"query-input\":{\"@type\":\"PropertyValueSpecification\",\"valueRequired\":true,\"valueName\":\"search_term_string\"}}],\"inLanguage\":\"de\"}]}<\/script>\n<!-- \/ Yoast SEO plugin. -->","yoast_head_json":{"title":"Workshops - Heike Herling - Trainerin und Beraterin f\u00fcr Einkauf und Materialwirtschaft","description":"W\u00e4hlen Sie aus neun verschiedenen Seminaren und\/oder Workshops, die ich Ihnen sofort als Inhouse-Schulung vor Ort anbieten kann!","robots":{"index":"index","follow":"follow","max-snippet":"max-snippet:-1","max-image-preview":"max-image-preview:large","max-video-preview":"max-video-preview:-1"},"canonical":"https:\/\/www.heikeherling.de\/index.php\/workshops\/","og_locale":"de_DE","og_type":"article","og_title":"Workshops - Heike Herling - Trainerin und Beraterin f\u00fcr Einkauf und Materialwirtschaft","og_description":"W\u00e4hlen Sie aus neun verschiedenen Seminaren und\/oder Workshops, die ich Ihnen sofort als Inhouse-Schulung vor Ort anbieten kann!","og_url":"https:\/\/www.heikeherling.de\/index.php\/workshops\/","og_site_name":"Heike Herling - Trainerin und Beraterin f\u00fcr Einkauf und Materialwirtschaft","article_modified_time":"2020-04-16T13:31:50+00:00","twitter_card":"summary_large_image","twitter_misc":{"Gesch\u00e4tzte Lesezeit":"2\u00a0Minuten"},"schema":{"@context":"https:\/\/schema.org","@graph":[{"@type":"WebPage","@id":"https:\/\/www.heikeherling.de\/index.php\/workshops\/","url":"https:\/\/www.heikeherling.de\/index.php\/workshops\/","name":"Workshops - Heike Herling - Trainerin und Beraterin f\u00fcr Einkauf und Materialwirtschaft","isPartOf":{"@id":"https:\/\/www.heikeherling.de\/#website"},"datePublished":"2016-01-14T05:09:23+00:00","dateModified":"2020-04-16T13:31:50+00:00","description":"W\u00e4hlen Sie aus neun verschiedenen Seminaren und\/oder Workshops, die ich Ihnen sofort als Inhouse-Schulung vor Ort anbieten kann!","breadcrumb":{"@id":"https:\/\/www.heikeherling.de\/index.php\/workshops\/#breadcrumb"},"inLanguage":"de","potentialAction":[{"@type":"ReadAction","target":["https:\/\/www.heikeherling.de\/index.php\/workshops\/"]}]},{"@type":"BreadcrumbList","@id":"https:\/\/www.heikeherling.de\/index.php\/workshops\/#breadcrumb","itemListElement":[{"@type":"ListItem","position":1,"name":"Startseite","item":"https:\/\/www.heikeherling.de\/"},{"@type":"ListItem","position":2,"name":"Workshops"}]},{"@type":"WebSite","@id":"https:\/\/www.heikeherling.de\/#website","url":"https:\/\/www.heikeherling.de\/","name":"Heike Herling - Trainerin und Beraterin f\u00fcr Einkauf und Materialwirtschaft","description":"Trainerin und Beraterin f\u00fcr Einkauf und Materialwirtschaft","potentialAction":[{"@type":"SearchAction","target":{"@type":"EntryPoint","urlTemplate":"https:\/\/www.heikeherling.de\/?s={search_term_string}"},"query-input":{"@type":"PropertyValueSpecification","valueRequired":true,"valueName":"search_term_string"}}],"inLanguage":"de"}]}},"_links":{"self":[{"href":"https:\/\/www.heikeherling.de\/index.php\/wp-json\/wp\/v2\/pages\/130","targetHints":{"allow":["GET"]}}],"collection":[{"href":"https:\/\/www.heikeherling.de\/index.php\/wp-json\/wp\/v2\/pages"}],"about":[{"href":"https:\/\/www.heikeherling.de\/index.php\/wp-json\/wp\/v2\/types\/page"}],"author":[{"embeddable":true,"href":"https:\/\/www.heikeherling.de\/index.php\/wp-json\/wp\/v2\/users\/2"}],"replies":[{"embeddable":true,"href":"https:\/\/www.heikeherling.de\/index.php\/wp-json\/wp\/v2\/comments?post=130"}],"version-history":[{"count":24,"href":"https:\/\/www.heikeherling.de\/index.php\/wp-json\/wp\/v2\/pages\/130\/revisions"}],"predecessor-version":[{"id":1225,"href":"https:\/\/www.heikeherling.de\/index.php\/wp-json\/wp\/v2\/pages\/130\/revisions\/1225"}],"wp:attachment":[{"href":"https:\/\/www.heikeherling.de\/index.php\/wp-json\/wp\/v2\/media?parent=130"}],"curies":[{"name":"wp","href":"https:\/\/api.w.org\/{rel}","templated":true}]}}