{"id":1080,"date":"2017-01-11T10:17:49","date_gmt":"2017-01-11T09:17:49","guid":{"rendered":"http:\/\/www.heikeherling.de\/wordpress\/?page_id=1080"},"modified":"2020-04-16T15:28:35","modified_gmt":"2020-04-16T13:28:35","slug":"einkaufscontrolling","status":"publish","type":"page","link":"https:\/\/www.heikeherling.de\/index.php\/einkaufscontrolling\/","title":{"rendered":"Seminar 6: Einkaufscontrolling"},"content":{"rendered":"<p>[vc_row css=&#8220;.vc_custom_1483613991540{margin-bottom: 0px !important;}&#8220;][vc_column css=&#8220;.vc_custom_1483611433561{margin-top: 40px !important;margin-bottom: 0px !important;}&#8220;][vc_column_text css=&#8220;.vc_custom_1587043502017{margin-top: 0px !important;padding-top: 30px !important;padding-bottom: 30px !important;background-color: #ffbb00 !important;}&#8220;]<\/p>\n<h2 style=\"text-align: center;\"><span style=\"color: #ffffff;\">Alle Seminare auch als Online-Version verf\u00fcgbar!<\/span><\/h2>\n<p>[\/vc_column_text]\t\n\t<h2 style=\"text-align: left;margin-bottom: 0px;\" > Seminar 6: Einkaufscontrolling<\/h2>\t\n\t\n\t<h3 style=\"text-align: left;\" > Einkaufsprozesse zielgerichtet planen und steuern<\/h3>\t\n[\/vc_column][\/vc_row][vc_row css=&#8220;.vc_custom_1483614243791{margin-top: 0px !important;margin-bottom: 0px !important;padding-bottom: 0px !important;}&#8220;][vc_column width=&#8220;1\/2&#8243; css=&#8220;.vc_custom_1483614113496{margin-top: 0px !important;}&#8220;][vc_column_text]<\/p>\n<h3 style=\"margin-top: 0px; padding-top: 0px;\">Ihr Nutzen:<\/h3>\n<p>Lernen Sie Einkaufsleistungen messbar\u00a0 zu machen! Sch\u00e4rfen Sie Ihren Blick f\u00fcr das Controlling und erschlie\u00dfen Sie Potenziale f\u00fcr Ihre strategische Arbeit. In diesem Seminar erfahren Sie, wie Sie Einkaufsziele zielorientiert planen und steuern. Sie erarbeiten M\u00f6glichkeiten, um Kennzahlen und Messgr\u00f6\u00dfen optimal darzustellen und zu interpretieren.<\/p>\n<p>Erhalten Sie Methoden und Werkzeuge, mit denen Sie Ihr individuelles Einkaufsreporting entwickeln. Sie gewinnen in diesem 1-t\u00e4gigen Seminar das Wissen, um Einsparpotentiale aufzudecken und auszusch\u00f6pfen.<\/p>\n<p>[\/vc_column_text][\/vc_column][vc_column width=&#8220;1\/2&#8243; css=&#8220;.vc_custom_1484058300043{margin-top: 0px !important;}&#8220;][vc_column_text]<\/p>\n<h3 style=\"margin-top: 0px; padding-top: 0px;\">Inhalte:<\/h3>\n<p><strong>1. Die Rolle des Einkauf auf den Unternehmenserfolg<\/strong><\/p>\n<ul>\n<li>Wie Sie von der Unternehmensstrategie eine Einkaufstrategie ableiten<\/li>\n<li>Der Weg ist das Ziel: erfolgsorientiertes planen und steuern von Zielen<\/li>\n<li>Wie Sie geeignete Kennzahlen erkennen und entwickeln<\/li>\n<\/ul>\n<p><strong>2. Strategisches Einkaufscontrolling<\/strong><\/p>\n<ul>\n<li>Von den Einkaufszielen zu den Einkaufsstrategien<\/li>\n<li>Entwicklung von Basiskennzahlen<\/li>\n<li>Wie Sie ein Kennzahlensystem im Einkauf entwickeln und nutzen<\/li>\n<li>Welche Rolle \u201eBalances Scorecards\u201c und \u201eTreiberb\u00e4ume\u201c spielen<\/li>\n<\/ul>\n<p><strong>3. Operatives Einkaufscontrolling<\/strong><\/p>\n<ul>\n<li>Wie Sie Kennzahlen zur Verbesserung der Kosten, der Leistung und der Finanzierung anwenden<\/li>\n<li>Einsparpotenziale identifizieren und aussch\u00f6pfen (intern und extern)<\/li>\n<\/ul>\n<p><strong>4. Berichtswesen leicht gemacht: <\/strong>Wie Sie ein aussagekr\u00e4ftiges Einkaufsreporting entwickeln[\/vc_column_text][\/vc_column][\/vc_row][vc_row css=&#8220;.vc_custom_1483618299706{margin-top: 0px !important;margin-bottom: 0px !important;background-color: rgba(237,234,225,0.5) !important;*background-color: rgb(237,234,225) !important;}&#8220;][vc_column css=&#8220;.vc_custom_1483613045024{margin-top: 0px !important;margin-bottom: 0px !important;}&#8220;][vc_tta_tabs style=&#8220;flat&#8220; color=&#8220;white&#8220; spacing=&#8220;5&#8243; active_section=&#8220;1&#8243; no_fill_content_area=&#8220;true&#8220;][vc_tta_section title=&#8220;Zielgruppe&#8220; tab_id=&#8220;1483615336931-cb9771f3-1edd&#8220;][vc_empty_space height=&#8220;15px&#8220;][vc_column_text]Mitarbeiter\/-innen im Einkauf[\/vc_column_text][\/vc_tta_section][vc_tta_section title=&#8220;Seminardauer&#8220; tab_id=&#8220;1483615336684-e4942319-90fa&#8220;][vc_empty_space height=&#8220;15px&#8220;][vc_column_text]Das Seminar dauert einen Tag.[\/vc_column_text][\/vc_tta_section][vc_tta_section title=&#8220;Seminarort&#8220; tab_id=&#8220;1483615339791-a3c5648c-ca40&#8243;][vc_empty_space height=&#8220;15px&#8220;][vc_column_text]Alle Seminare und Workshops finden als Inhouse-Training findet bei Ihnen vor Ort oder an einem Ort Ihrer Wahl statt. Gerne k\u00fcmmere ich mich um die komplette Seminarorganisation. Sprechen Sie mich einfach an![\/vc_column_text][\/vc_tta_section][vc_tta_section title=&#8220;Teilnahmeranzahl&#8220; tab_id=&#8220;1483615341616-0efb6dd3-289a&#8220;][vc_empty_space height=&#8220;15px&#8220;][vc_column_text]<span class=\"body\">Die Anzahl der Teilnehmer sollte auf 10 Personen beschr\u00e4nkt sein.<br \/>\n<\/span>[\/vc_column_text][\/vc_tta_section][\/vc_tta_tabs][\/vc_column][\/vc_row][vc_row css=&#8220;.vc_custom_1483613114900{margin-top: 0px !important;margin-bottom: 40px !important;background-color: rgba(237,234,225,0.5) !important;*background-color: rgb(237,234,225) !important;}&#8220;][vc_column css=&#8220;.vc_custom_1483613045024{margin-top: 0px !important;margin-bottom: 0px !important;}&#8220;]\t\t<div class=\"center\">\n\t<span><\/span>\n\t\t<a href=\"mailto:post@heike-herling.de\" class=\"btn btn-default btn-big\">SEMINAR BUCHEN<\/a>\n\t\t<\/div>\n\t[vc_empty_space height=&#8220;20px&#8220;][vc_column_text]<\/p>\n<p style=\"text-align: center;\"><a href=\"https:\/\/www.heikeherling.de\/index.php\/seminarfaq\/\"><strong>Noch etwas unklar? Schauen Sie in meine &#8222;H\u00e4ufig gestellten Fragen!&#8220;<\/strong><\/a><\/p>\n<p>[\/vc_column_text][vc_empty_space height=&#8220;20px&#8220;][\/vc_column][\/vc_row]<\/p>\n","protected":false},"excerpt":{"rendered":"<p>[vc_row css=&#8220;.vc_custom_1483613991540{margin-bottom: 0px !important;}&#8220;][vc_column css=&#8220;.vc_custom_1483611433561{margin-top: 40px !important;margin-bottom: 0px !important;}&#8220;][vc_column_text css=&#8220;.vc_custom_1587043502017{margin-top: 0px !important;padding-top: 30px !important;padding-bottom: 30px !important;background-color: #ffbb00 !important;}&#8220;] Alle Seminare auch als Online-Version verf\u00fcgbar! [\/vc_column_text][\/vc_column][\/vc_row][vc_row css=&#8220;.vc_custom_1483614243791{margin-top: 0px !important;margin-bottom: 0px !important;padding-bottom: [&hellip;]<\/p>\n","protected":false},"author":1,"featured_media":0,"parent":0,"menu_order":0,"comment_status":"closed","ping_status":"closed","template":"page-templates\/template-canvas.php","meta":{"_acf_changed":false,"footnotes":""},"class_list":["post-1080","page","type-page","status-publish","hentry"],"acf":[],"yoast_head":"<!-- This site is optimized with the Yoast SEO plugin v27.3 - https:\/\/yoast.com\/product\/yoast-seo-wordpress\/ -->\n<title>Seminar 6: Einkaufscontrolling - Heike Herling - Trainerin und Beraterin f\u00fcr Einkauf und Materialwirtschaft<\/title>\n<meta name=\"robots\" content=\"index, follow, max-snippet:-1, max-image-preview:large, max-video-preview:-1\" \/>\n<link rel=\"canonical\" href=\"https:\/\/www.heikeherling.de\/index.php\/einkaufscontrolling\/\" \/>\n<meta property=\"og:locale\" content=\"de_DE\" \/>\n<meta property=\"og:type\" content=\"article\" \/>\n<meta property=\"og:title\" content=\"Seminar 6: Einkaufscontrolling - Heike Herling - Trainerin und Beraterin f\u00fcr Einkauf und Materialwirtschaft\" \/>\n<meta property=\"og:description\" content=\"[vc_row css=&#8220;.vc_custom_1483613991540{margin-bottom: 0px !important;}&#8220;][vc_column css=&#8220;.vc_custom_1483611433561{margin-top: 40px !important;margin-bottom: 0px !important;}&#8220;][vc_column_text css=&#8220;.vc_custom_1587043502017{margin-top: 0px !important;padding-top: 30px !important;padding-bottom: 30px !important;background-color: #ffbb00 !important;}&#8220;] Alle Seminare auch als Online-Version verf\u00fcgbar! [\/vc_column_text][\/vc_column][\/vc_row][vc_row css=&#8220;.vc_custom_1483614243791{margin-top: 0px !important;margin-bottom: 0px !important;padding-bottom: [&hellip;]\" \/>\n<meta property=\"og:url\" content=\"https:\/\/www.heikeherling.de\/index.php\/einkaufscontrolling\/\" \/>\n<meta property=\"og:site_name\" content=\"Heike Herling - Trainerin und Beraterin f\u00fcr Einkauf und Materialwirtschaft\" \/>\n<meta property=\"article:modified_time\" content=\"2020-04-16T13:28:35+00:00\" \/>\n<meta name=\"twitter:card\" content=\"summary_large_image\" \/>\n<meta name=\"twitter:label1\" content=\"Gesch\u00e4tzte Lesezeit\" \/>\n\t<meta name=\"twitter:data1\" content=\"3\u00a0Minuten\" \/>\n<script type=\"application\/ld+json\" class=\"yoast-schema-graph\">{\"@context\":\"https:\\\/\\\/schema.org\",\"@graph\":[{\"@type\":\"WebPage\",\"@id\":\"https:\\\/\\\/www.heikeherling.de\\\/index.php\\\/einkaufscontrolling\\\/\",\"url\":\"https:\\\/\\\/www.heikeherling.de\\\/index.php\\\/einkaufscontrolling\\\/\",\"name\":\"Seminar 6: Einkaufscontrolling - Heike Herling - Trainerin und Beraterin f\u00fcr Einkauf und Materialwirtschaft\",\"isPartOf\":{\"@id\":\"https:\\\/\\\/www.heikeherling.de\\\/#website\"},\"datePublished\":\"2017-01-11T09:17:49+00:00\",\"dateModified\":\"2020-04-16T13:28:35+00:00\",\"breadcrumb\":{\"@id\":\"https:\\\/\\\/www.heikeherling.de\\\/index.php\\\/einkaufscontrolling\\\/#breadcrumb\"},\"inLanguage\":\"de\",\"potentialAction\":[{\"@type\":\"ReadAction\",\"target\":[\"https:\\\/\\\/www.heikeherling.de\\\/index.php\\\/einkaufscontrolling\\\/\"]}]},{\"@type\":\"BreadcrumbList\",\"@id\":\"https:\\\/\\\/www.heikeherling.de\\\/index.php\\\/einkaufscontrolling\\\/#breadcrumb\",\"itemListElement\":[{\"@type\":\"ListItem\",\"position\":1,\"name\":\"Startseite\",\"item\":\"https:\\\/\\\/www.heikeherling.de\\\/\"},{\"@type\":\"ListItem\",\"position\":2,\"name\":\"Seminar 6: Einkaufscontrolling\"}]},{\"@type\":\"WebSite\",\"@id\":\"https:\\\/\\\/www.heikeherling.de\\\/#website\",\"url\":\"https:\\\/\\\/www.heikeherling.de\\\/\",\"name\":\"Heike Herling - Trainerin und Beraterin f\u00fcr Einkauf und Materialwirtschaft\",\"description\":\"Trainerin und Beraterin f\u00fcr Einkauf und Materialwirtschaft\",\"potentialAction\":[{\"@type\":\"SearchAction\",\"target\":{\"@type\":\"EntryPoint\",\"urlTemplate\":\"https:\\\/\\\/www.heikeherling.de\\\/?s={search_term_string}\"},\"query-input\":{\"@type\":\"PropertyValueSpecification\",\"valueRequired\":true,\"valueName\":\"search_term_string\"}}],\"inLanguage\":\"de\"}]}<\/script>\n<!-- \/ Yoast SEO plugin. -->","yoast_head_json":{"title":"Seminar 6: Einkaufscontrolling - Heike Herling - Trainerin und Beraterin f\u00fcr Einkauf und Materialwirtschaft","robots":{"index":"index","follow":"follow","max-snippet":"max-snippet:-1","max-image-preview":"max-image-preview:large","max-video-preview":"max-video-preview:-1"},"canonical":"https:\/\/www.heikeherling.de\/index.php\/einkaufscontrolling\/","og_locale":"de_DE","og_type":"article","og_title":"Seminar 6: Einkaufscontrolling - Heike Herling - Trainerin und Beraterin f\u00fcr Einkauf und Materialwirtschaft","og_description":"[vc_row css=&#8220;.vc_custom_1483613991540{margin-bottom: 0px !important;}&#8220;][vc_column css=&#8220;.vc_custom_1483611433561{margin-top: 40px !important;margin-bottom: 0px !important;}&#8220;][vc_column_text css=&#8220;.vc_custom_1587043502017{margin-top: 0px !important;padding-top: 30px !important;padding-bottom: 30px !important;background-color: #ffbb00 !important;}&#8220;] Alle Seminare auch als Online-Version verf\u00fcgbar! [\/vc_column_text][\/vc_column][\/vc_row][vc_row css=&#8220;.vc_custom_1483614243791{margin-top: 0px !important;margin-bottom: 0px !important;padding-bottom: [&hellip;]","og_url":"https:\/\/www.heikeherling.de\/index.php\/einkaufscontrolling\/","og_site_name":"Heike Herling - Trainerin und Beraterin f\u00fcr Einkauf und Materialwirtschaft","article_modified_time":"2020-04-16T13:28:35+00:00","twitter_card":"summary_large_image","twitter_misc":{"Gesch\u00e4tzte Lesezeit":"3\u00a0Minuten"},"schema":{"@context":"https:\/\/schema.org","@graph":[{"@type":"WebPage","@id":"https:\/\/www.heikeherling.de\/index.php\/einkaufscontrolling\/","url":"https:\/\/www.heikeherling.de\/index.php\/einkaufscontrolling\/","name":"Seminar 6: Einkaufscontrolling - Heike Herling - Trainerin und Beraterin f\u00fcr Einkauf und Materialwirtschaft","isPartOf":{"@id":"https:\/\/www.heikeherling.de\/#website"},"datePublished":"2017-01-11T09:17:49+00:00","dateModified":"2020-04-16T13:28:35+00:00","breadcrumb":{"@id":"https:\/\/www.heikeherling.de\/index.php\/einkaufscontrolling\/#breadcrumb"},"inLanguage":"de","potentialAction":[{"@type":"ReadAction","target":["https:\/\/www.heikeherling.de\/index.php\/einkaufscontrolling\/"]}]},{"@type":"BreadcrumbList","@id":"https:\/\/www.heikeherling.de\/index.php\/einkaufscontrolling\/#breadcrumb","itemListElement":[{"@type":"ListItem","position":1,"name":"Startseite","item":"https:\/\/www.heikeherling.de\/"},{"@type":"ListItem","position":2,"name":"Seminar 6: Einkaufscontrolling"}]},{"@type":"WebSite","@id":"https:\/\/www.heikeherling.de\/#website","url":"https:\/\/www.heikeherling.de\/","name":"Heike Herling - Trainerin und Beraterin f\u00fcr Einkauf und Materialwirtschaft","description":"Trainerin und Beraterin f\u00fcr Einkauf und Materialwirtschaft","potentialAction":[{"@type":"SearchAction","target":{"@type":"EntryPoint","urlTemplate":"https:\/\/www.heikeherling.de\/?s={search_term_string}"},"query-input":{"@type":"PropertyValueSpecification","valueRequired":true,"valueName":"search_term_string"}}],"inLanguage":"de"}]}},"_links":{"self":[{"href":"https:\/\/www.heikeherling.de\/index.php\/wp-json\/wp\/v2\/pages\/1080","targetHints":{"allow":["GET"]}}],"collection":[{"href":"https:\/\/www.heikeherling.de\/index.php\/wp-json\/wp\/v2\/pages"}],"about":[{"href":"https:\/\/www.heikeherling.de\/index.php\/wp-json\/wp\/v2\/types\/page"}],"author":[{"embeddable":true,"href":"https:\/\/www.heikeherling.de\/index.php\/wp-json\/wp\/v2\/users\/1"}],"replies":[{"embeddable":true,"href":"https:\/\/www.heikeherling.de\/index.php\/wp-json\/wp\/v2\/comments?post=1080"}],"version-history":[{"count":5,"href":"https:\/\/www.heikeherling.de\/index.php\/wp-json\/wp\/v2\/pages\/1080\/revisions"}],"predecessor-version":[{"id":1220,"href":"https:\/\/www.heikeherling.de\/index.php\/wp-json\/wp\/v2\/pages\/1080\/revisions\/1220"}],"wp:attachment":[{"href":"https:\/\/www.heikeherling.de\/index.php\/wp-json\/wp\/v2\/media?parent=1080"}],"curies":[{"name":"wp","href":"https:\/\/api.w.org\/{rel}","templated":true}]}}