{"id":1052,"date":"2017-01-10T15:31:00","date_gmt":"2017-01-10T14:31:00","guid":{"rendered":"http:\/\/www.heikeherling.de\/wordpress\/?page_id=1052"},"modified":"2020-04-16T15:22:16","modified_gmt":"2020-04-16T13:22:16","slug":"materialdisposition","status":"publish","type":"page","link":"https:\/\/www.heikeherling.de\/index.php\/materialdisposition\/","title":{"rendered":"Seminar 2: Erfolgreiche Materialdisposition"},"content":{"rendered":"<p>[vc_row css=&#8220;.vc_custom_1483613991540{margin-bottom: 0px !important;}&#8220;][vc_column css=&#8220;.vc_custom_1483611433561{margin-top: 40px !important;margin-bottom: 0px !important;}&#8220;][vc_column_text css=&#8220;.vc_custom_1587043329559{margin-top: 0px !important;padding-top: 30px !important;padding-bottom: 30px !important;background-color: #ffbb00 !important;}&#8220;]<\/p>\n<h2 style=\"text-align: center;\"><span style=\"color: #ffffff;\">Alle Seminare auch als Online-Version verf\u00fcgbar!<\/span><\/h2>\n<p>[\/vc_column_text]\t\n\t<h2 style=\"text-align: left;margin-bottom: 0px;\" > Seminar 2: Erfolgreiche Materialdisposition<\/h2>\t\n\t\n\t<h3 style=\"text-align: left;\" > Best\u00e4nde optimieren \u2013 Kosten senken<\/h3>\t\n[\/vc_column][\/vc_row][vc_row css=&#8220;.vc_custom_1483614243791{margin-top: 0px !important;margin-bottom: 0px !important;padding-bottom: 0px !important;}&#8220;][vc_column width=&#8220;1\/2&#8243; css=&#8220;.vc_custom_1483614113496{margin-top: 0px !important;}&#8220;][vc_column_text]<\/p>\n<h3 style=\"margin-top: 0px; padding-top: 0px;\">Ihr Nutzen:<\/h3>\n<p>Lernen Sie in diesem 2-t\u00e4gigen Seminar, effizient zu disponieren und richtig zu planen. Sie bekommen Grundlagen und Methoden an die Hand, um Lieferrisiken zu minimieren und Kosten zu senken.<\/p>\n<p>In Praxis- und \u00dcbungsaufgaben trainieren Sie, die Tools und Strategien praxisnah anzuwenden.<\/p>\n<p>Sie erkennen, durch welche Gr\u00f6\u00dfen Ihre Best\u00e4nde beeinflusst sind und wie Sie das f\u00fcr Sie optimale Dispositionsverfahren ausw\u00e4hlen. Erfahren Sie, wie Sie die Zusammenarbeit mit Lieferanten sp\u00fcrbar verbessern k\u00f6nnen.<\/p>\n<p>[\/vc_column_text][\/vc_column][vc_column width=&#8220;1\/2&#8243; css=&#8220;.vc_custom_1484058300043{margin-top: 0px !important;}&#8220;][vc_column_text]<\/p>\n<h3 style=\"margin-top: 0px; padding-top: 0px;\">Inhalte:<\/h3>\n<p><strong>1. Methoden und Grundlagen der Disposition richtig anwenden: stochastische und deterministische Methoden, Lieferanten-Kanban<\/strong><\/p>\n<p><strong>2. Wie Sie Dispositionsverfahren ausw\u00e4hlen: Einflussgr\u00f6\u00dfen auf Best\u00e4nde, ABC- und XYZ-Analysen<\/strong><\/p>\n<p><strong>3. Optimale Bestellmengen errechnen \u2013 so funktioniert\u2018s<\/strong><\/p>\n<p><strong>4. Bestellpunkt- und Bestellrhythmusverfahren richtig anwenden<\/strong><\/p>\n<p><strong>5. Wie Sie Sicherheitsbest\u00e4nde planen und optimieren<\/strong><\/p>\n<p><strong>6. Berechnen Sie Wiederbeschaffungszeiten und Solleindeckungszeiten <\/strong><\/p>\n<p><strong>7. Kennzahlen, die f\u00fcr Sie wichtig sind: Umschlagh\u00e4ufigkeit etc. <\/strong><\/p>\n<p><strong>8. Erkennen Sie M\u00f6glichkeiten, Best\u00e4nde zu senken <\/strong><\/p>\n<p><strong>9. Zusammenarbeit mit Lieferanten optimal gestalten <\/strong>[\/vc_column_text][\/vc_column][\/vc_row][vc_row css=&#8220;.vc_custom_1483618299706{margin-top: 0px !important;margin-bottom: 0px !important;background-color: rgba(237,234,225,0.5) !important;*background-color: rgb(237,234,225) !important;}&#8220;][vc_column css=&#8220;.vc_custom_1483613045024{margin-top: 0px !important;margin-bottom: 0px !important;}&#8220;][vc_tta_tabs style=&#8220;flat&#8220; color=&#8220;white&#8220; spacing=&#8220;5&#8243; active_section=&#8220;1&#8243; no_fill_content_area=&#8220;true&#8220;][vc_tta_section title=&#8220;Zielgruppe&#8220; tab_id=&#8220;1483615336931-cb9771f3-1edd&#8220;][vc_empty_space height=&#8220;15px&#8220;][vc_column_text]Mitarbeiter\/-innen im Einkauf mit dispositiven Aufgaben, Mitarbeiter\/-innen der Disposition[\/vc_column_text][\/vc_tta_section][vc_tta_section title=&#8220;Seminardauer&#8220; tab_id=&#8220;1483615336684-e4942319-90fa&#8220;][vc_empty_space height=&#8220;15px&#8220;][vc_column_text]Das Seminar dauert zwei Tage.[\/vc_column_text][\/vc_tta_section][vc_tta_section title=&#8220;Seminarort&#8220; tab_id=&#8220;1483615339791-a3c5648c-ca40&#8243;][vc_empty_space height=&#8220;15px&#8220;][vc_column_text]Alle Seminare und Workshops finden als Inhouse-Training findet bei Ihnen vor Ort oder an einem Ort Ihrer Wahl statt. Gerne k\u00fcmmere ich mich um die komplette Seminarorganisation. Sprechen Sie mich einfach an![\/vc_column_text][\/vc_tta_section][vc_tta_section title=&#8220;Teilnahmeranzahl&#8220; tab_id=&#8220;1483615341616-0efb6dd3-289a&#8220;][vc_empty_space height=&#8220;15px&#8220;][vc_column_text]<span class=\"body\">Die Anzahl der Teilnehmer sollte auf 10 Personen beschr\u00e4nkt sein.<br \/>\n<\/span>[\/vc_column_text][\/vc_tta_section][\/vc_tta_tabs][\/vc_column][\/vc_row][vc_row css=&#8220;.vc_custom_1483613114900{margin-top: 0px !important;margin-bottom: 40px !important;background-color: rgba(237,234,225,0.5) !important;*background-color: rgb(237,234,225) !important;}&#8220;][vc_column css=&#8220;.vc_custom_1483613045024{margin-top: 0px !important;margin-bottom: 0px !important;}&#8220;]\t\t<div class=\"center\">\n\t<span><\/span>\n\t\t<a href=\"mailto:post@heike-herling.de\" class=\"btn btn-default btn-big\">SEMINAR BUCHEN<\/a>\n\t\t<\/div>\n\t[vc_empty_space height=&#8220;20px&#8220;][vc_column_text]<\/p>\n<p style=\"text-align: center;\"><a href=\"https:\/\/www.heikeherling.de\/index.php\/seminarfaq\/\"><strong>Noch etwas unklar? Schauen Sie in meine &#8222;H\u00e4ufig gestellten Fragen!&#8220;<\/strong><\/a><\/p>\n<p>[\/vc_column_text][vc_empty_space height=&#8220;20px&#8220;][\/vc_column][\/vc_row]<\/p>\n","protected":false},"excerpt":{"rendered":"<p>[vc_row css=&#8220;.vc_custom_1483613991540{margin-bottom: 0px !important;}&#8220;][vc_column css=&#8220;.vc_custom_1483611433561{margin-top: 40px !important;margin-bottom: 0px !important;}&#8220;][vc_column_text css=&#8220;.vc_custom_1587043329559{margin-top: 0px !important;padding-top: 30px !important;padding-bottom: 30px !important;background-color: #ffbb00 !important;}&#8220;] Alle Seminare auch als Online-Version verf\u00fcgbar! [\/vc_column_text][\/vc_column][\/vc_row][vc_row css=&#8220;.vc_custom_1483614243791{margin-top: 0px !important;margin-bottom: 0px !important;padding-bottom: [&hellip;]<\/p>\n","protected":false},"author":1,"featured_media":0,"parent":0,"menu_order":0,"comment_status":"closed","ping_status":"closed","template":"page-templates\/template-canvas.php","meta":{"_acf_changed":false,"footnotes":""},"class_list":["post-1052","page","type-page","status-publish","hentry"],"acf":[],"yoast_head":"<!-- This site is optimized with the Yoast SEO plugin v27.3 - https:\/\/yoast.com\/product\/yoast-seo-wordpress\/ -->\n<title>Seminar 2: Erfolgreiche Materialdisposition - Heike Herling - Trainerin und Beraterin f\u00fcr Einkauf und Materialwirtschaft<\/title>\n<meta name=\"robots\" content=\"index, follow, max-snippet:-1, max-image-preview:large, max-video-preview:-1\" \/>\n<link rel=\"canonical\" href=\"https:\/\/www.heikeherling.de\/index.php\/materialdisposition\/\" \/>\n<meta property=\"og:locale\" content=\"de_DE\" \/>\n<meta property=\"og:type\" content=\"article\" \/>\n<meta property=\"og:title\" content=\"Seminar 2: Erfolgreiche Materialdisposition - Heike Herling - Trainerin und Beraterin f\u00fcr Einkauf und Materialwirtschaft\" \/>\n<meta property=\"og:description\" content=\"[vc_row css=&#8220;.vc_custom_1483613991540{margin-bottom: 0px !important;}&#8220;][vc_column css=&#8220;.vc_custom_1483611433561{margin-top: 40px !important;margin-bottom: 0px !important;}&#8220;][vc_column_text css=&#8220;.vc_custom_1587043329559{margin-top: 0px !important;padding-top: 30px !important;padding-bottom: 30px !important;background-color: #ffbb00 !important;}&#8220;] Alle Seminare auch als Online-Version verf\u00fcgbar! [\/vc_column_text][\/vc_column][\/vc_row][vc_row css=&#8220;.vc_custom_1483614243791{margin-top: 0px !important;margin-bottom: 0px !important;padding-bottom: [&hellip;]\" \/>\n<meta property=\"og:url\" content=\"https:\/\/www.heikeherling.de\/index.php\/materialdisposition\/\" \/>\n<meta property=\"og:site_name\" content=\"Heike Herling - Trainerin und Beraterin f\u00fcr Einkauf und Materialwirtschaft\" \/>\n<meta property=\"article:modified_time\" content=\"2020-04-16T13:22:16+00:00\" \/>\n<meta name=\"twitter:card\" content=\"summary_large_image\" \/>\n<meta name=\"twitter:label1\" content=\"Gesch\u00e4tzte Lesezeit\" \/>\n\t<meta name=\"twitter:data1\" content=\"3\u00a0Minuten\" \/>\n<script type=\"application\/ld+json\" class=\"yoast-schema-graph\">{\"@context\":\"https:\\\/\\\/schema.org\",\"@graph\":[{\"@type\":\"WebPage\",\"@id\":\"https:\\\/\\\/www.heikeherling.de\\\/index.php\\\/materialdisposition\\\/\",\"url\":\"https:\\\/\\\/www.heikeherling.de\\\/index.php\\\/materialdisposition\\\/\",\"name\":\"Seminar 2: Erfolgreiche Materialdisposition - Heike Herling - Trainerin und Beraterin f\u00fcr Einkauf und Materialwirtschaft\",\"isPartOf\":{\"@id\":\"https:\\\/\\\/www.heikeherling.de\\\/#website\"},\"datePublished\":\"2017-01-10T14:31:00+00:00\",\"dateModified\":\"2020-04-16T13:22:16+00:00\",\"breadcrumb\":{\"@id\":\"https:\\\/\\\/www.heikeherling.de\\\/index.php\\\/materialdisposition\\\/#breadcrumb\"},\"inLanguage\":\"de\",\"potentialAction\":[{\"@type\":\"ReadAction\",\"target\":[\"https:\\\/\\\/www.heikeherling.de\\\/index.php\\\/materialdisposition\\\/\"]}]},{\"@type\":\"BreadcrumbList\",\"@id\":\"https:\\\/\\\/www.heikeherling.de\\\/index.php\\\/materialdisposition\\\/#breadcrumb\",\"itemListElement\":[{\"@type\":\"ListItem\",\"position\":1,\"name\":\"Startseite\",\"item\":\"https:\\\/\\\/www.heikeherling.de\\\/\"},{\"@type\":\"ListItem\",\"position\":2,\"name\":\"Seminar 2: Erfolgreiche Materialdisposition\"}]},{\"@type\":\"WebSite\",\"@id\":\"https:\\\/\\\/www.heikeherling.de\\\/#website\",\"url\":\"https:\\\/\\\/www.heikeherling.de\\\/\",\"name\":\"Heike Herling - Trainerin und Beraterin f\u00fcr Einkauf und Materialwirtschaft\",\"description\":\"Trainerin und Beraterin f\u00fcr Einkauf und Materialwirtschaft\",\"potentialAction\":[{\"@type\":\"SearchAction\",\"target\":{\"@type\":\"EntryPoint\",\"urlTemplate\":\"https:\\\/\\\/www.heikeherling.de\\\/?s={search_term_string}\"},\"query-input\":{\"@type\":\"PropertyValueSpecification\",\"valueRequired\":true,\"valueName\":\"search_term_string\"}}],\"inLanguage\":\"de\"}]}<\/script>\n<!-- \/ Yoast SEO plugin. -->","yoast_head_json":{"title":"Seminar 2: Erfolgreiche Materialdisposition - Heike Herling - Trainerin und Beraterin f\u00fcr Einkauf und Materialwirtschaft","robots":{"index":"index","follow":"follow","max-snippet":"max-snippet:-1","max-image-preview":"max-image-preview:large","max-video-preview":"max-video-preview:-1"},"canonical":"https:\/\/www.heikeherling.de\/index.php\/materialdisposition\/","og_locale":"de_DE","og_type":"article","og_title":"Seminar 2: Erfolgreiche Materialdisposition - Heike Herling - Trainerin und Beraterin f\u00fcr Einkauf und Materialwirtschaft","og_description":"[vc_row css=&#8220;.vc_custom_1483613991540{margin-bottom: 0px !important;}&#8220;][vc_column css=&#8220;.vc_custom_1483611433561{margin-top: 40px !important;margin-bottom: 0px !important;}&#8220;][vc_column_text css=&#8220;.vc_custom_1587043329559{margin-top: 0px !important;padding-top: 30px !important;padding-bottom: 30px !important;background-color: #ffbb00 !important;}&#8220;] Alle Seminare auch als Online-Version verf\u00fcgbar! [\/vc_column_text][\/vc_column][\/vc_row][vc_row css=&#8220;.vc_custom_1483614243791{margin-top: 0px !important;margin-bottom: 0px !important;padding-bottom: [&hellip;]","og_url":"https:\/\/www.heikeherling.de\/index.php\/materialdisposition\/","og_site_name":"Heike Herling - Trainerin und Beraterin f\u00fcr Einkauf und Materialwirtschaft","article_modified_time":"2020-04-16T13:22:16+00:00","twitter_card":"summary_large_image","twitter_misc":{"Gesch\u00e4tzte Lesezeit":"3\u00a0Minuten"},"schema":{"@context":"https:\/\/schema.org","@graph":[{"@type":"WebPage","@id":"https:\/\/www.heikeherling.de\/index.php\/materialdisposition\/","url":"https:\/\/www.heikeherling.de\/index.php\/materialdisposition\/","name":"Seminar 2: Erfolgreiche Materialdisposition - Heike Herling - Trainerin und Beraterin f\u00fcr Einkauf und Materialwirtschaft","isPartOf":{"@id":"https:\/\/www.heikeherling.de\/#website"},"datePublished":"2017-01-10T14:31:00+00:00","dateModified":"2020-04-16T13:22:16+00:00","breadcrumb":{"@id":"https:\/\/www.heikeherling.de\/index.php\/materialdisposition\/#breadcrumb"},"inLanguage":"de","potentialAction":[{"@type":"ReadAction","target":["https:\/\/www.heikeherling.de\/index.php\/materialdisposition\/"]}]},{"@type":"BreadcrumbList","@id":"https:\/\/www.heikeherling.de\/index.php\/materialdisposition\/#breadcrumb","itemListElement":[{"@type":"ListItem","position":1,"name":"Startseite","item":"https:\/\/www.heikeherling.de\/"},{"@type":"ListItem","position":2,"name":"Seminar 2: Erfolgreiche Materialdisposition"}]},{"@type":"WebSite","@id":"https:\/\/www.heikeherling.de\/#website","url":"https:\/\/www.heikeherling.de\/","name":"Heike Herling - Trainerin und Beraterin f\u00fcr Einkauf und Materialwirtschaft","description":"Trainerin und Beraterin f\u00fcr Einkauf und Materialwirtschaft","potentialAction":[{"@type":"SearchAction","target":{"@type":"EntryPoint","urlTemplate":"https:\/\/www.heikeherling.de\/?s={search_term_string}"},"query-input":{"@type":"PropertyValueSpecification","valueRequired":true,"valueName":"search_term_string"}}],"inLanguage":"de"}]}},"_links":{"self":[{"href":"https:\/\/www.heikeherling.de\/index.php\/wp-json\/wp\/v2\/pages\/1052","targetHints":{"allow":["GET"]}}],"collection":[{"href":"https:\/\/www.heikeherling.de\/index.php\/wp-json\/wp\/v2\/pages"}],"about":[{"href":"https:\/\/www.heikeherling.de\/index.php\/wp-json\/wp\/v2\/types\/page"}],"author":[{"embeddable":true,"href":"https:\/\/www.heikeherling.de\/index.php\/wp-json\/wp\/v2\/users\/1"}],"replies":[{"embeddable":true,"href":"https:\/\/www.heikeherling.de\/index.php\/wp-json\/wp\/v2\/comments?post=1052"}],"version-history":[{"count":4,"href":"https:\/\/www.heikeherling.de\/index.php\/wp-json\/wp\/v2\/pages\/1052\/revisions"}],"predecessor-version":[{"id":1216,"href":"https:\/\/www.heikeherling.de\/index.php\/wp-json\/wp\/v2\/pages\/1052\/revisions\/1216"}],"wp:attachment":[{"href":"https:\/\/www.heikeherling.de\/index.php\/wp-json\/wp\/v2\/media?parent=1052"}],"curies":[{"name":"wp","href":"https:\/\/api.w.org\/{rel}","templated":true}]}}